{"id":13678,"date":"2015-04-02T11:28:44","date_gmt":"2015-04-02T09:28:44","guid":{"rendered":"http:\/\/pindosnationalpark.gr\/?page_id=13678"},"modified":"2016-11-21T16:14:46","modified_gmt":"2016-11-21T14:14:46","slug":"besondere-merkmale","status":"publish","type":"page","link":"https:\/\/www.pindosnationalpark.gr\/de\/besondere-merkmale\/","title":{"rendered":"Besondere Merkmale"},"content":{"rendered":"<p>Die besonderen Merkmale des Nationalparks von Nord Pindos sind die zwei W\u00e4lder.<br \/>\n\u2022 Der Nationalpark von Vikos &#8211; Aoos<br \/>\n\u2022 Der Nationalpark von Pindos (Valia Kalda)<br \/>\n\u2022 Elf st\u00e4ndige Zufluchtsorte wilden Lebens<br \/>\n\u2022 Eine Landschaft von au\u00dfergew\u00f6hnlicher nat\u00fcrlicher Sch\u00f6nheit (Orliakas)<br \/>\n\u2022 Ein Gebiet, das als Biogenetische Ablagerung bezeichnet ist<br \/>\n\u2022 Das Gebiet von Valia Kalda<br \/>\n\u2022 Ein Geopark, der im europ\u00e4ischen Netz von Geoparks der UNESCO integriert ist<br \/>\n\u2022 Der Geopark von Vikos &#8211; Aoos<br \/>\n\u2022 Elf Gebiete, die dem europ\u00e4ischen Netz gesch\u00fctzter Regionen \u201eNATUR 2000\u201c (NATURA 2000) geh\u00f6ren. Diese Gebiete sind:<\/p>\n<p>&nbsp;<\/p>\n<p>&nbsp;<\/p>\n\n<table id=\"tablepress-5\" class=\"tablepress tablepress-id-5\">\n<thead>\n<tr class=\"row-1\">\n\t<th class=\"column-1\">BEZEICHNUNG<\/th><th class=\"column-2\">CHARAKTIRISIERUNGDER REGION<\/th><th class=\"column-3\">KODE DER REGION<\/th><th class=\"column-4\">FL\u00c4CHE\u00a0(ha)<\/th>\n<\/tr>\n<\/thead>\n<tbody class=\"row-striping row-hover\">\n<tr class=\"row-2\">\n\t<td class=\"column-1\">Berg Vasilitsa<\/td><td class=\"column-2\">BEZ<\/td><td class=\"column-3\">GR 1310001<\/td><td class=\"column-4\">8.036,81<\/td>\n<\/tr>\n<tr class=\"row-3\">\n\t<td class=\"column-1\">Valia Kalda und der k\u00fcnstliche See von Aoos<\/td><td class=\"column-2\">ZBS<\/td><td class=\"column-3\">GR 1310002<\/td><td class=\"column-4\">14.449,82<\/td>\n<\/tr>\n<tr class=\"row-4\">\n\t<td class=\"column-1\">Im gr\u00f6\u00dferen Raum des Nationalparks von Pindos (Valia Kalda)<\/td><td class=\"column-2\">BEZ<\/td><td class=\"column-3\">GR 1310003<\/td><td class=\"column-4\">6.719,98<\/td>\n<\/tr>\n<tr class=\"row-5\">\n\t<td class=\"column-1\">Berg Orliakas und Berg Tsourgiakas<\/td><td class=\"column-2\">ZBS<\/td><td class=\"column-3\">GR 1310004<\/td><td class=\"column-4\">9.842,54<\/td>\n<\/tr>\n<tr class=\"row-6\">\n\t<td class=\"column-1\">Nationalpark von Vikos - Aoos<\/td><td class=\"column-2\">BEZ<\/td><td class=\"column-3\">GR 2130001<\/td><td class=\"column-4\">12.950,75<\/td>\n<\/tr>\n<tr class=\"row-7\">\n\t<td class=\"column-1\">Gipfel des Berges Smolikas<\/td><td class=\"column-2\">BEZ \u2013 ZBS<\/td><td class=\"column-3\">GR 2130002<\/td><td class=\"column-4\">19.688,11<\/td>\n<\/tr>\n<tr class=\"row-8\">\n\t<td class=\"column-1\">Zentraler Teil von Zagori<\/td><td class=\"column-2\">BEZ<\/td><td class=\"column-3\">GR 2130004<\/td><td class=\"column-4\">32.910,15<\/td>\n<\/tr>\n<tr class=\"row-9\">\n\t<td class=\"column-1\">Gebiet von Metsovo (Anilio - Katara)<\/td><td class=\"column-2\">BEZ<\/td><td class=\"column-3\">GR 2130006<\/td><td class=\"column-4\">7.251,87<\/td>\n<\/tr>\n<tr class=\"row-10\">\n\t<td class=\"column-1\">Berg Mitsikeli<\/td><td class=\"column-2\">BEZ<\/td><td class=\"column-3\">GR 2130008<\/td><td class=\"column-4\">8.576,12<\/td>\n<\/tr>\n<tr class=\"row-11\">\n\t<td class=\"column-1\">Berg Timfi (Gamila)<\/td><td class=\"column-2\">ZBS<\/td><td class=\"column-3\">GR 2130009<\/td><td class=\"column-4\">27.734,75<\/td>\n<\/tr>\n<tr class=\"row-12\">\n\t<td class=\"column-1\">Zentrales Zagori und Ostteil des Berges Mitsikeli<\/td><td class=\"column-2\">ZBS<\/td><td class=\"column-3\">GR 2130011<\/td><td class=\"column-4\">53.356,89<\/td>\n<\/tr>\n<\/tbody>\n<\/table>\n<!-- #tablepress-5 from cache -->\n<p>&nbsp;<\/p>\n<p><strong>BEZ: <\/strong>Besondere Erhaltunszone<br \/>\n<strong>\u0396<\/strong><strong>BS:<\/strong>\u00a0 Zone f\u00fcr Besonderen Schutz, ein Gebiet als biogenetische Ablagerung bezeichnet<\/p>\n<p>&nbsp;<\/p>\n","protected":false},"excerpt":{"rendered":"<p>Die besonderen Merkmale des Nationalparks von Nord Pindos sind die zwei W\u00e4lder. \u2022 Der Nationalpark von Vikos &#8211; Aoos \u2022 Der Nationalpark von Pindos (Valia Kalda) \u2022 Elf st\u00e4ndige Zufluchtsorte wilden Lebens \u2022 Eine Landschaft von au\u00dfergew\u00f6hnlicher nat\u00fcrlicher Sch\u00f6nheit (Orliakas) \u2022 Ein Gebiet, das als&#8230;<\/p>\n","protected":false},"author":8014,"featured_media":0,"parent":0,"menu_order":0,"comment_status":"open","ping_status":"open","template":"","meta":{"footnotes":""},"class_list":["post-13678","page","type-page","status-publish","hentry"],"_links":{"self":[{"href":"https:\/\/www.pindosnationalpark.gr\/de\/wp-json\/wp\/v2\/pages\/13678","targetHints":{"allow":["GET"]}}],"collection":[{"href":"https:\/\/www.pindosnationalpark.gr\/de\/wp-json\/wp\/v2\/pages"}],"about":[{"href":"https:\/\/www.pindosnationalpark.gr\/de\/wp-json\/wp\/v2\/types\/page"}],"author":[{"embeddable":true,"href":"https:\/\/www.pindosnationalpark.gr\/de\/wp-json\/wp\/v2\/users\/8014"}],"replies":[{"embeddable":true,"href":"https:\/\/www.pindosnationalpark.gr\/de\/wp-json\/wp\/v2\/comments?post=13678"}],"version-history":[{"count":0,"href":"https:\/\/www.pindosnationalpark.gr\/de\/wp-json\/wp\/v2\/pages\/13678\/revisions"}],"wp:attachment":[{"href":"https:\/\/www.pindosnationalpark.gr\/de\/wp-json\/wp\/v2\/media?parent=13678"}],"curies":[{"name":"wp","href":"https:\/\/api.w.org\/{rel}","templated":true}]}}