{"id":13682,"date":"2015-04-02T11:39:21","date_gmt":"2015-04-02T09:39:21","guid":{"rendered":"http:\/\/pindosnationalpark.gr\/?page_id=13682"},"modified":"2016-11-17T10:13:34","modified_gmt":"2016-11-17T08:13:34","slug":"orographie-klima","status":"publish","type":"page","link":"https:\/\/www.pindosnationalpark.gr\/de\/orographie-klima\/","title":{"rendered":"Orographie &#8211; Klima"},"content":{"rendered":"<div class=\"wpb-content-wrapper\"><p>[vc_row row_type=&#8220;row&#8220; use_row_as_full_screen_section=&#8220;no&#8220; type=&#8220;full_width&#8220; angled_section=&#8220;no&#8220; text_align=&#8220;left&#8220; background_image_as_pattern=&#8220;without_pattern&#8220; css_animation=&#8220;&#8220;][vc_column width=&#8220;1\/2&#8243;][vc_single_image image=&#8220;14853&#8243; img_size=&#8220;full&#8220; style=&#8220;vc_box_shadow&#8220; qode_css_animation=&#8220;element_from_left&#8220;][\/vc_column][vc_column width=&#8220;1\/2&#8243;][vc_column_text]<\/p>\n<div id=\"left\" style=\"300px; float: left; padding-right: 4px;\">\n<p>Die Gebirgskette von Pindos, mit einer L\u00e4nge von 230 Kilometern und einer Breite von 70 Kilometern ist das Ende des Alpenbogens in Griechenland. Smolikas, der zweith\u00f6chste Berg nach dem Berg Olymp (2.637 m.) zusammen mit <strong>Timfi, Grammos, Vasilitsa, die Berge von Ligkos, Mitsikeli <\/strong>und <strong>Zygos<\/strong> sind die wichtigsten Berge von Nord Pindos und enthalten manche der h\u00f6chsten Gipfel Griechenlands.Von den felsigen Gipfel und den dicht bewaldeten Bergh\u00e4ngen flie\u00dfen zahlreiche B\u00e4che und Fl\u00fcsse. Die meisten davon flie\u00dfen in die Fl\u00fcsse Arachtos, Aliakmonas und Sarantaporo, die die \u00e4u\u00dferenat\u00fcrliche Grenze der Gesch\u00fctzen Zone von Nord Pindos bilden. Im inneren Teil dieser Region flie\u00dfen die Fl\u00fcsse Aoos, Boidomatis und Arkoudorevma, durch den Nationalpark von Vikos-Aoos und Valia Kalda.<br \/>\nAu\u00dfer dem eindrucksvollen gebirgigen Gel\u00e4nde in der Umgebung gibt es auch zwei der wichtigsten Schluchten Europas (Schlucht Vikos und Aoos), sowie das abgelegene Bergtal von Valia Kalda, und viele sch\u00f6ne Bergd\u00f6rfer mit langej\u00e4hriger Geschichte und einzigartiger Architektur.Der Nationalpark von Nord Pindos umfasst die Bergketten, der gr\u00f6\u00dften und wichtigsten Berge unseres Landes, die den gr\u00f6\u00dften Teil von dem Nord Pindos Gebirge bilden. Die wichtigsten Berge die im Nationalpark einbezogen sind, sind: Smolikas, der zweith\u00f6chste Berg in Griechenland (2637 m), Tymfi (2497 m), Vassilitsa (2249 m), Lyggos (2177 m), Zygos (1.820 m), und mehrere andere kleinere Berge in Gr\u00f6\u00dfe und H\u00f6he wie Trapezitsa (2022 m.), Tsouka Rossa (1987 m), Flambouro (1914 m), Kleftis (1846 m), Mitsikeli (1810 m), Koukourountzos (1785 m), Kousta (1731 m), Koziakos (1622 m) und Orliakas (1443 m).Typisch f\u00fcr die hohen Berge mit \u00fcppigen W\u00e4ldern sind die klimatischen Bedingungen, die in dieser gesch\u00fctzten Regionherrschen. Das Klima dieser Region befindet sich zwischen dem <strong>S\u00fcd<\/strong>&#8211;<strong> und Mitteleuropaischen Klima und hat <\/strong>in der Regelkalte Winter undk\u00fchle, feuchte Sommer. Es ver\u00e4ndert sich je nach H\u00f6he und wird entschieden von der Unterschiedlichkeit der Bodenform beeinflusst.Typisch ist, dass die Region die meisten Regenf\u00e4lle von ganz Griechenland hat, was durch die ausgedehnte Vegetation zu erkennen ist. Die meisten Regenf\u00e4lle gibt es auf Timfi und auf den Bergen von Zentral Zagori, Metsovo, Ost Zagori, Smolikas, w\u00e4hrend auf dem West Zagori und in Konitsa die wenigsten Regenf\u00e4lle zu beobachten sind.<\/p>\n<p>In gro\u00dfen H\u00f6hen gibt es im Winter sehr niedrige Temperaturen, Nebel, viel Regen, Frost, h\u00e4ufige Schneef\u00e4lle und l\u00e4ngere Schneebedeckung, die von Oktober bis Mai anh\u00e4lt.<\/p>\n<p>In tieferen Regionen wird das Klima milder, die Schneebedeckung dauert ein paar Wochen, der Frost beschr\u00e4nkt sich sehr in der Zeit die von November bis April dauert. In dieser Zeit gibt es nur begrenzten Sonnenschein und die Regenf\u00e4lle sind weniger im Sommer.<\/p>\n<p>Die Jahresdurchschnittstemperatur, bis an den Grenzen der Siedlungen, befindet sich zwischen 10 bis 14 Grad Celsius, w\u00e4hrend die Jahresdurchschnittstemperatur besonders hoch ist.<\/p>\n<\/div>\n<p>[\/vc_column_text][\/vc_column][\/vc_row][vc_row row_type=&#8220;row&#8220; use_row_as_full_screen_section=&#8220;no&#8220; type=&#8220;full_width&#8220; angled_section=&#8220;no&#8220; text_align=&#8220;left&#8220; background_image_as_pattern=&#8220;without_pattern&#8220; css_animation=&#8220;&#8220;][vc_column][vc_empty_space][\/vc_column][\/vc_row]<\/p>\n<\/div>","protected":false},"excerpt":{"rendered":"<p>[vc_row row_type=&#8220;row&#8220; use_row_as_full_screen_section=&#8220;no&#8220; type=&#8220;full_width&#8220; angled_section=&#8220;no&#8220; text_align=&#8220;left&#8220; background_image_as_pattern=&#8220;without_pattern&#8220; css_animation=&#8220;&#8220;][vc_column width=&#8220;1\/2&#8243;][vc_single_image image=&#8220;14853&#8243; img_size=&#8220;full&#8220; style=&#8220;vc_box_shadow&#8220; qode_css_animation=&#8220;element_from_left&#8220;][\/vc_column][vc_column width=&#8220;1\/2&#8243;][vc_column_text] Die Gebirgskette von Pindos, mit einer L\u00e4nge von 230 Kilometern und einer Breite von 70 Kilometern ist das Ende des Alpenbogens in Griechenland. Smolikas, der zweith\u00f6chste Berg nach dem Berg Olymp&#8230;<\/p>\n","protected":false},"author":8014,"featured_media":0,"parent":0,"menu_order":0,"comment_status":"open","ping_status":"open","template":"","meta":{"footnotes":""},"class_list":["post-13682","page","type-page","status-publish","hentry"],"_links":{"self":[{"href":"https:\/\/www.pindosnationalpark.gr\/de\/wp-json\/wp\/v2\/pages\/13682","targetHints":{"allow":["GET"]}}],"collection":[{"href":"https:\/\/www.pindosnationalpark.gr\/de\/wp-json\/wp\/v2\/pages"}],"about":[{"href":"https:\/\/www.pindosnationalpark.gr\/de\/wp-json\/wp\/v2\/types\/page"}],"author":[{"embeddable":true,"href":"https:\/\/www.pindosnationalpark.gr\/de\/wp-json\/wp\/v2\/users\/8014"}],"replies":[{"embeddable":true,"href":"https:\/\/www.pindosnationalpark.gr\/de\/wp-json\/wp\/v2\/comments?post=13682"}],"version-history":[{"count":0,"href":"https:\/\/www.pindosnationalpark.gr\/de\/wp-json\/wp\/v2\/pages\/13682\/revisions"}],"wp:attachment":[{"href":"https:\/\/www.pindosnationalpark.gr\/de\/wp-json\/wp\/v2\/media?parent=13682"}],"curies":[{"name":"wp","href":"https:\/\/api.w.org\/{rel}","templated":true}]}}