{"id":13698,"date":"2015-04-02T12:15:39","date_gmt":"2015-04-02T10:15:39","guid":{"rendered":"http:\/\/pindosnationalpark.gr\/?page_id=13698"},"modified":"2016-11-17T09:36:47","modified_gmt":"2016-11-17T07:36:47","slug":"flora-okotopen","status":"publish","type":"page","link":"https:\/\/www.pindosnationalpark.gr\/de\/flora-okotopen\/","title":{"rendered":"Flora &#8211; \u00d6kotopen"},"content":{"rendered":"<div class=\"wpb-content-wrapper\"><p>[vc_row row_type=&#8220;row&#8220; use_row_as_full_screen_section=&#8220;no&#8220; type=&#8220;full_width&#8220; angled_section=&#8220;no&#8220; text_align=&#8220;left&#8220; background_image_as_pattern=&#8220;without_pattern&#8220; css_animation=&#8220;&#8220;][vc_column][vc_column_text]Im Nationalpark von Nord Pindos sind \u00fcber 2.100 Pflanzenarten zu finden. Zu den beeindruckensten Blumen des Nationalparks geh\u00f6ren die f\u00fcnf Arten der wilden Lilien: Lillium candidum, Lillium chalcedonicum, Lillium heldraichi, Lillium albanicum und Lillium martagon.<\/p>\n<p>Weitere typische Pflanzenarten des Nationalparks, die die Aufmerksamkeit des Besuchers auf sich ziehen, ist die Wei\u00dfe Narzisse(Narcisus poeticus), S\u00fcdalpine Tulp (Tulipa australis), Fr\u00fchlings-Enzian (Gentiana verna), Semprevivum marmoreum, Steinbrech (Saxifraga spruneri) u.a.<\/p>\n<p>Von Pflanzen mit medizinischen Eigenschaften sind folgende sehr interessant: die Pfefferminze (Mentha longifolia), der Salbei (Salvia officinalis), das Winter-Bohnenkraut (Satureja montana), Thymian(Thymusleucospermus), der Bergtee (Sideritis raeseri), Helleborus (Helleborus cyclophyllus), der \u00d6lbaum \u00e4hnliche Seidelbast(Daphne oleoides), das Mierenbl\u00e4ttrige Weidenr\u00f6schen (Epilobium alsinifolium), der Gefleckte Schierling (Conium maculatum), die Walzen-Wolfsmilch (Euphorbia myrsinites), der Zwerg-Holunder (Sambucus ebulus), der Wei\u00dfe Germer (Veratrum album) und viele andere.<\/p>\n<p>Von besonderem Interesse ist die Flora der Berge mit Ophiolith geologischem Substrat, bzw die Flora von Smolikas,Vasilitsa, Lyggos, Flamporou. In dieser Flora sind viele Pflanzen enthalten, die sich auf B\u00f6den mit hoher Konzentration von Metallen angepasst haben, wie z.B.:Allysum smolicanum, Allium sphaerocephalon, Viola albanica, Gallium ophiolithicum, Cerastium smolicanum, Centaurea ptarmicaefolia u.a.<\/p>\n<p><img loading=\"lazy\" decoding=\"async\" class=\"alignleft\" src=\"http:\/\/pindosnationalpark.gr\/wp-content\/uploads\/2013\/10\/xlorida-louloudia.jpg\" alt=\"xlorida-louloudia\" width=\"678\" height=\"200\" \/><\/p>\n<p>Die Gipfel, die Bergh\u00e4nge und die Vertiefungen des Nationalparks werden von sch\u00f6nen Orchideen in gro\u00dfen und kleinen Mengen geschm\u00fcckt, von denen die wichtigsten Orchis mascula, Orchis pallens, Orchis ustulata, Orchis coriophora, Orchis laxiflora, Orchis provincialis, Orchis pauciflora, Orchis papilionacea, Orchis quadripunctata, Orchis morio, Orchis tridentata, Orchis purpurea, Orcis italica, Orchis simia, Orchis pyramidalis, Dactylorhiza saccifera, dactylorhiza sabucina, Dactylorhiza kalopissii, Dactylorhiza baumanniana, Leucorchis frivalti\u00a0 u.a. sind.<\/p>\n<p>Dar\u00fcber hinaus wachsen im Nationalpark von Nord Pindos viele seltene, endemische und unter Schutz stehende Pflanzenarten,sind folgende: Centaurea tymphaea, Centaurea vlachorum, Sedum tymphaeum, Centaurea pawlowskii, Bornmuellera tymphaea, Alyssum heldreichi, Silene pindicola, Onosma epirotica, Minuartia pseudosaxifraga, Valeriana crinii, Soldanella pindicola, Saxifraga biflora-epirotica, Galium sacrorum, Hieracium dasycraspedum u.a.<\/p>\n<p>Weitere bemerkenswerte Pflanzenarten mit begrenzter geographischer Verteilung innerhalb des Nationalparks sind: Ramonda sebica, Pinguiculla crystalline ssp. hirtiflora, die deutsche Schwertlilie (Iris germanica) u.a.<\/p>\n<p>Die Flora des Nationalparks ist au\u00dferdem reich an hunderte von Pilzarten, von denen bis heute mindestens 500 erkannt und registriert wurden. Zu den bekanntesten Pilzarten des Nationalparks geh\u00f6ren folgende: der Wiesen-Champignon (Agaricus campestris),der Schopf-Tintling (Coprinus comatus), der Echte Pfifferling (Cantharellus cibarius), der Edel-Reizker (Lactarius deliciosus), der Fliegenpilz (Amanita muscaria), der Kronenbecherling(Sarcosphaera coronaria), die Morcheln (Morchella deliciosa), der Halskrausen-Erdstern (Geastrum triplex), der Hasen-St\u00e4ubling (Calvatia utriformis), die Goldgelbe Koralle (Ramaria aurea) u.a.<\/p>\n<p><img loading=\"lazy\" decoding=\"async\" class=\"alignleft\" src=\"http:\/\/pindosnationalpark.gr\/wp-content\/uploads\/2013\/10\/xlorida-manitaria.jpg\" alt=\"xlorida-manitaria\" width=\"678\" height=\"200\" \/><\/p>\n<p>Nord Pindos hat eine gro\u00dfe Vielfalt an \u00d6kotoptypen der bergigen Region Griechenlands. Viele wichtige \u00d6kotopen sind bereits aufgezeichnet und werden in der Anweisung 92\/43 \u00fcber \u201edie Erhaltung der \u00d6kotopen und Flora- und Fauna Arten\u201c erw\u00e4hnt.<\/p>\n<p>\u00d6KOTOPEN<\/p>\n<p>Im Nationalpark von Nord Pindos gibt es 33 \u00d6kotoptypen. Eine gro\u00dfe Fl\u00e4che des Nationalparks wird von Wald\u00f6kotopen und vor allem von denen, der Schwarzkiefer, der Buche, der Tanne und der Eiche bedeckt. Au\u00dfer den obigen, befinden sich in den 15 Wald\u00f6kotopen des Nationalparks auch die W\u00e4lder, die Gruppe von Schlangenhaut-Kiefern, die Wacholder, die Kastanien sowie die an Fl\u00fcssen gelegene Vegetation von Platanen, von Schwarz-Erlen u.a. Im Nationalpark gibt es vier \u00d6kotoptypen die aus Str\u00e4uchern bestehen. Es gibt f\u00fcnf Typen von Wiesen \u00f6kotopen, die sich normalerweise in gro\u00dfen H\u00f6hen befinden, zwei \u00d6kotoptypen befinden sich auf felsigem Grund (an H\u00e4ngen und Mor\u00e4nen) und zwei weitere an Fl\u00fcssen.<\/p>\n<p>F\u00fcnf \u00d6kotoptypen des Nationalparks von Nord Pindos werden von hohem \u00d6kologischen Wert und Seltenheit auf europ\u00e4ischer Ebene bezeichnet, gem\u00e4\u00df dem Bewertungskriterien der Anweisung 92\/43\/EWG zur Erhaltung der \u00d6kotopen und Arten, die priorit\u00e4re Lebensraumtypen sind. Hier werden die W\u00e4lder von Schwarzkiefer (Pinus nigra) einbezogen, die einen gro\u00dfen Teil des Nationalparks einnehmen, sowie die Linden-W\u00e4lder der Schluchten (Tilia sp.) und Ahorn (Acer sp.), die Wacholder -W\u00e4lder (Juniperus foetidissima), Krautpflanzenformation mit Nardus verschiedener Art auf silikatischer Untersticht und die alluvialen W\u00e4lder mit der Schwarz-Erle (Alnus glutinosa) und anderer Baumarten.<\/p>\n<p><b>\u00a0<\/b>[\/vc_column_text][\/vc_column][\/vc_row]<\/p>\n<\/div>","protected":false},"excerpt":{"rendered":"<p>[vc_row row_type=&#8220;row&#8220; use_row_as_full_screen_section=&#8220;no&#8220; type=&#8220;full_width&#8220; angled_section=&#8220;no&#8220; text_align=&#8220;left&#8220; background_image_as_pattern=&#8220;without_pattern&#8220; css_animation=&#8220;&#8220;][vc_column][vc_column_text]Im Nationalpark von Nord Pindos sind \u00fcber 2.100 Pflanzenarten zu finden. Zu den beeindruckensten Blumen des Nationalparks geh\u00f6ren die f\u00fcnf Arten der wilden Lilien: Lillium candidum, Lillium chalcedonicum, Lillium heldraichi, Lillium albanicum und Lillium martagon. Weitere typische Pflanzenarten&#8230;<\/p>\n","protected":false},"author":8014,"featured_media":0,"parent":0,"menu_order":0,"comment_status":"open","ping_status":"open","template":"","meta":{"footnotes":""},"class_list":["post-13698","page","type-page","status-publish","hentry"],"_links":{"self":[{"href":"https:\/\/www.pindosnationalpark.gr\/de\/wp-json\/wp\/v2\/pages\/13698","targetHints":{"allow":["GET"]}}],"collection":[{"href":"https:\/\/www.pindosnationalpark.gr\/de\/wp-json\/wp\/v2\/pages"}],"about":[{"href":"https:\/\/www.pindosnationalpark.gr\/de\/wp-json\/wp\/v2\/types\/page"}],"author":[{"embeddable":true,"href":"https:\/\/www.pindosnationalpark.gr\/de\/wp-json\/wp\/v2\/users\/8014"}],"replies":[{"embeddable":true,"href":"https:\/\/www.pindosnationalpark.gr\/de\/wp-json\/wp\/v2\/comments?post=13698"}],"version-history":[{"count":0,"href":"https:\/\/www.pindosnationalpark.gr\/de\/wp-json\/wp\/v2\/pages\/13698\/revisions"}],"wp:attachment":[{"href":"https:\/\/www.pindosnationalpark.gr\/de\/wp-json\/wp\/v2\/media?parent=13698"}],"curies":[{"name":"wp","href":"https:\/\/api.w.org\/{rel}","templated":true}]}}