{"id":13706,"date":"2015-04-02T13:13:02","date_gmt":"2015-04-02T11:13:02","guid":{"rendered":"http:\/\/pindosnationalpark.gr\/?page_id=13706"},"modified":"2016-11-17T09:40:18","modified_gmt":"2016-11-17T07:40:18","slug":"fauna","status":"publish","type":"page","link":"https:\/\/www.pindosnationalpark.gr\/de\/fauna\/","title":{"rendered":"Fauna"},"content":{"rendered":"<div class=\"wpb-content-wrapper\"><p>[vc_row row_type=&#8220;row&#8220; use_row_as_full_screen_section=&#8220;no&#8220; type=&#8220;full_width&#8220; angled_section=&#8220;no&#8220; text_align=&#8220;left&#8220; background_image_as_pattern=&#8220;without_pattern&#8220; css_animation=&#8220;&#8220;][vc_column][vc_column_text]Die wilde Fauna des <strong>Nationalparks von Nord Pindos<\/strong> ist reich, sowohl an der Gesamtzahl der Arten, als auch der Anwesenheit von seltenen und gesch\u00fctzten Arten. Fast alle gro\u00dfen S\u00e4ugetiere des griechischen Festlandes, die selten sind,wie der B\u00e4r (Ursus arctos), der Wolf (Canis lupus), die Wildkatze (Felis sylvestris), der Fischotter (Lutra lutra), die G\u00e4mse (Rupicapra rupicapra balcanica) und das Reh (Capreolus capreolus), oder etwas \u00f6fter vorkommende, wie das Wildschwein (Sus scrofa), zeigen eine nennenswerte Population in der Region. Andere kleinere S\u00e4uge Tiere die man im Nationalpark findet, sind: der Fuchs (Vulpes vulpes), der Dachs (Meles meles), der Hase (Lepus capenis), der Igel (Erinaceus concolor), das Eichh\u00f6rnchen (Sciurus vulgaris), der Marder (Martes foina), der Baummarder (Martes martes), viele kleine S\u00e4ugetiere und mehrere Arten von Flederm\u00e4usen. Insgesamt sind im Nationalpark etwa <strong>60<\/strong> Arten von <strong>S\u00e4ugetieren <\/strong>vorzufinden.<\/p>\n<p><img loading=\"lazy\" decoding=\"async\" class=\"size-full wp-image-3169 alignleft\" src=\"http:\/\/pindosnationalpark.gr\/wp-content\/uploads\/2013\/10\/panida-pindou.jpg\" alt=\"panida-pindou\" width=\"678\" height=\"200\" srcset=\"https:\/\/www.pindosnationalpark.gr\/wp-content\/uploads\/2013\/10\/panida-pindou.jpg 678w, https:\/\/www.pindosnationalpark.gr\/wp-content\/uploads\/2013\/10\/panida-pindou-300x88.jpg 300w\" sizes=\"auto, (max-width: 678px) 100vw, 678px\" \/><\/p>\n<p>Von den180 Vogelartendes Gebietes, sind die Raubv\u00f6gel von gro\u00dfem Interesse und vor allem der Schmutzgeier (Neophron percnopterus), der Steinadler (Aguila chrysaetos), der Wanderfalke (Falco pereginus), der Zwergadler (Hieraetus pennatus), der Schlangenadler (Circaetus gallicus) und der Lanner (Falco biarmicus). Ebenfalls bemerkenswert ist die Anwesenheit von Spechten, wie z.B der Schwarzspecht (Dryocopus martius) und der Blutspecht (Dendrocopos syriaca). Im Nationalpark trifft man auch andere wichtige Arten wie das Steinhuhn (Alectoris graeca), die Weidenmeise (Parus montanus), der Mauerl\u00e4ufer (Tichodroma muraria), die Wasseramsel (Cinclus cinclus), der Schwarzstorch (Ciconia nigra), die Ohrenlerche (Eremophilla alpestris), der Schneefink (Montifrigillani valis) u.a.<\/p>\n<p>Zu den <strong>30 Arten<\/strong> von Reptilien des Nationalparks geh\u00f6ren16 Eidechsenarten, 10 Schlangenarten und 4 Schildkr\u00f6tenarten. Als Beispiel erw\u00e4hnen wir das Auftreten der Pracht-Kieleidechse (Algyroides nigropunctatus), die Vierstreifennatter (Elaphequatrolineataa) und die Breitrandschildkr\u00f6te (Testudo marginata).<\/p>\n<p>Von den <strong>14 Amphibienarten<\/strong> die man im Nationalpark antrifft, sind: der Feuersalamander (Salamandra salamandra), die Erdkr\u00f6te (Bufo bufo), die Wechselkr\u00f6te (Bufo viridis) und der Bergmolch (Triturus alpestris). Vor allem die Anwesenheit der letzteren ist leicht wahr zu nehmen da erin kleinen Kolonien in verchiedenen kleinen Seen und Teichen in den Hoch lagender Berge des Nationalparks wie z.B die Seen von Smolikas, Timfi und Flegga.<\/p>\n<p><img loading=\"lazy\" decoding=\"async\" class=\"alignleft\" src=\"http:\/\/pindosnationalpark.gr\/wp-content\/uploads\/2013\/10\/panida-poulia.jpg\" alt=\"panida-poulia\" width=\"678\" height=\"200\" \/><\/p>\n<p>In Fl\u00fcssen und Str\u00f6men des Nationalparks leben <strong>17 Fischarten<\/strong>. Erw\u00e4hnenswert ist die einheimische Art des Flusses Aoos, der Barbatus lapindus, die f\u00fcr Griechenland seltenen Albanischen Pl\u00f6tze (Pachychilon pictum), die im Komplex des Flusses Aoos und seiner Nebenfl\u00fcsse auftreten, sowie die h\u00e4ufigen Spezies, wie die Forelle (Salmo trutta), der D\u00f6bel (Leuciscus cephalus), die Nase (Chondrostoma nasus) und der Barbus (Barbus peloponnesius).[\/vc_column_text][\/vc_column][\/vc_row][vc_row row_type=&#8220;row&#8220; use_row_as_full_screen_section=&#8220;no&#8220; type=&#8220;full_width&#8220; angled_section=&#8220;no&#8220; text_align=&#8220;left&#8220; background_image_as_pattern=&#8220;without_pattern&#8220; css_animation=&#8220;&#8220;][vc_column][vc_empty_space][\/vc_column][\/vc_row]<\/p>\n<\/div>","protected":false},"excerpt":{"rendered":"<p>[vc_row row_type=&#8220;row&#8220; use_row_as_full_screen_section=&#8220;no&#8220; type=&#8220;full_width&#8220; angled_section=&#8220;no&#8220; text_align=&#8220;left&#8220; background_image_as_pattern=&#8220;without_pattern&#8220; css_animation=&#8220;&#8220;][vc_column][vc_column_text]Die wilde Fauna des Nationalparks von Nord Pindos ist reich, sowohl an der Gesamtzahl der Arten, als auch der Anwesenheit von seltenen und gesch\u00fctzten Arten. Fast alle gro\u00dfen S\u00e4ugetiere des griechischen Festlandes, die selten sind,wie der B\u00e4r (Ursus&#8230;<\/p>\n","protected":false},"author":8014,"featured_media":0,"parent":0,"menu_order":0,"comment_status":"open","ping_status":"open","template":"","meta":{"footnotes":""},"class_list":["post-13706","page","type-page","status-publish","hentry"],"_links":{"self":[{"href":"https:\/\/www.pindosnationalpark.gr\/de\/wp-json\/wp\/v2\/pages\/13706","targetHints":{"allow":["GET"]}}],"collection":[{"href":"https:\/\/www.pindosnationalpark.gr\/de\/wp-json\/wp\/v2\/pages"}],"about":[{"href":"https:\/\/www.pindosnationalpark.gr\/de\/wp-json\/wp\/v2\/types\/page"}],"author":[{"embeddable":true,"href":"https:\/\/www.pindosnationalpark.gr\/de\/wp-json\/wp\/v2\/users\/8014"}],"replies":[{"embeddable":true,"href":"https:\/\/www.pindosnationalpark.gr\/de\/wp-json\/wp\/v2\/comments?post=13706"}],"version-history":[{"count":0,"href":"https:\/\/www.pindosnationalpark.gr\/de\/wp-json\/wp\/v2\/pages\/13706\/revisions"}],"wp:attachment":[{"href":"https:\/\/www.pindosnationalpark.gr\/de\/wp-json\/wp\/v2\/media?parent=13706"}],"curies":[{"name":"wp","href":"https:\/\/api.w.org\/{rel}","templated":true}]}}