{"id":13718,"date":"2015-04-02T13:43:35","date_gmt":"2015-04-02T11:43:35","guid":{"rendered":"http:\/\/pindosnationalpark.gr\/?page_id=13718"},"modified":"2016-11-16T22:58:07","modified_gmt":"2016-11-16T20:58:07","slug":"bruecken","status":"publish","type":"page","link":"https:\/\/www.pindosnationalpark.gr\/de\/bruecken\/","title":{"rendered":"Br\u00fccken"},"content":{"rendered":"<div class=\"wpb-content-wrapper\"><p>[vc_row row_type=&#8220;row&#8220; use_row_as_full_screen_section=&#8220;no&#8220; type=&#8220;full_width&#8220; angled_section=&#8220;no&#8220; text_align=&#8220;left&#8220; background_image_as_pattern=&#8220;without_pattern&#8220; css_animation=&#8220;&#8220;][vc_column][vc_column_text]<img loading=\"lazy\" decoding=\"async\" class=\"alignleft wp-image-2245\" src=\"http:\/\/pindosnationalpark.gr\/wp-content\/uploads\/2013\/10\/gefiria.jpg\" alt=\"gefiria\" width=\"500\" height=\"295\" srcset=\"https:\/\/www.pindosnationalpark.gr\/wp-content\/uploads\/2013\/10\/gefiria.jpg 678w, https:\/\/www.pindosnationalpark.gr\/wp-content\/uploads\/2013\/10\/gefiria-300x176.jpg 300w\" sizes=\"auto, (max-width: 500px) 100vw, 500px\" \/>Die Bewohner der weiteren Umgebung benutzten schon immer f\u00fcr ihre t\u00e4glichen T\u00e4tigkeiten traditionell ein komplexes und funktionelles Netz von Pfaden. Gleichzeitig wurden die Bewohner, durch die besondere Morfologie des Bodens, des Klimas mit seinen h\u00e4ufigen Regen- und Schneef\u00e4llen, sowie von den vielen rei\u00dfenden B\u00e4chen und Fl\u00fcssen dazu gezwungen, Pfade mit Steinen (Treppen) zu bauen und Br\u00fccken, die die Pfade miteinander verbanden und zur besseren Verbindung der Siedlungen sorgten.<\/p>\n<p>Der Bau der Br\u00fccken erforderte gro\u00dfes Geschick, darum war der Br\u00fcckenbau ein Werk von extra daf\u00fcr ausgebildeten Meister, die in der Mehrzahl aus den D\u00f6rfern von Konitsa und Voios stammten. Alle sind in der Zeit des 18.und 19. Jahrhunderts mit der Finanzierung reicher Einwohner oder t\u00fcrkischer Gouverneure gebaut, die dann der Br\u00fccke ihren Namen gaben.<\/p>\n<p>Heute sind etwa 80 Steinbr\u00fccken in der ganzen Region des Parks erhalten, die je nach Flussbreite in ihrer Mehrzahl ein bogig, zwei bogig oder drei bogige sind. Es sind Kunstwerke die meisten von diesen Br\u00fccken. In Verbindung mit Gasth\u00f6fen, Wasserm\u00fchlen und Schreine die oft begegnet werden, sind einzigartige Anreize um das Gebiet zu bewandern.<\/p>\n<p>Die wichtigsten kleinen Br\u00fccken sind die folgenden:<\/p>\n<p><strong>Gebiet von Zagori<\/strong><\/p>\n<ol>\n<li>Br\u00fccke von Sankt Minas (Dilofos)<br \/>\n2. Br\u00fccke von Noutsos oder von Kokori am Eingang der Schlucht Vikos (Koukouli, 1750)<br \/>\n3. Br\u00fccke von Missios in Vikos (\u039aoukouli \u2013 Vitsa, 1748)<br \/>\n4. Dreib\u00f6gige Br\u00fccke von Plakida oder Kalogeriko \u00fcber dem Bagiotiko Strom (Kipi \u2013 \u039aoukouli, 1814)<br \/>\n5. Br\u00fccke von Kontodimos oder Lazaridis am Ausgang derSchluchtVikaki (Kipi, 1753)<br \/>\n6. Zweib\u00f6gige Br\u00fccke von Milos \u00fcber dem Bagiotiko Strom (\u039aipi, 1748)<br \/>\n7. Br\u00fccke Petsioni \u00fcber dem Bagiotiko Strom (\u039aipi, 1830)<br \/>\n8. Br\u00fccke in der Position \u201eAgios\u201c \u00fcber dem Bagiotiko Strom (\u039aipi)<br \/>\n9. Dreib\u00f6gige Br\u00fccke von Petsioni \u00fcber dem Nebenfl\u00fcss des Flusses Zagoritiko (Fraggades, 1818)<br \/>\n10. Dreib\u00f6gige Br\u00fccke Kaloutas \u00fcber dem Fluss Zagoritiko (Kaloutas)<br \/>\n11. Br\u00fccke in Negades \u00fcber einem Nebenfl\u00fcss des Flusses Mpagiotiko<br \/>\n12. Br\u00fccken in Skala von Vradeto \u00fcber der Schlucht von Mezaria<br \/>\n13. Br\u00fccken von Tsepelovos (von Hatsio, Anthio oder Palaiogefuro 1804)<br \/>\n14. Br\u00fccke von Kir Aleksis \u00fcber dem Skamneliotiko Strom (Skamneli, 1812)<br \/>\n15. Br\u00fccke von Kouitsas \u00fcber einem Nebenfl\u00fcss des Flusses Aoos (Vrisochori)<br \/>\n16. Br\u00fccke von Stathis \u00fcber einem Nebenfl\u00fcss des Flusses Zagoritiko (Dikorfo)<br \/>\n17. Br\u00fccke von Anthrakiti \u00fcber dem Fluss Zagoritiko (Position Dardakali \u2013 \u039aakavakia \u2013 \u039aoutsoliakos)<br \/>\n18. Br\u00fccke von Kavallari \u00fcber dem Fluss Zagoritiko<br \/>\n19. Br\u00fccke von Kamper Aga \u00fcber dem Fluss Zagoritiko (\u039ciliotades)<br \/>\n20. Br\u00fccke von Tsipianis \u00fcber dem Fluss Varda (Greveniti \u2013 Tristeno, 1875)<br \/>\n21. Br\u00fccke von Kourtias \u00fcber dem Fluss Varda (Doliani, 1828)<br \/>\n22. Br\u00fccke \u00fcber Drogari, Nebenfl\u00fcss des Flusses Vardas (\u039aastanonas)<br \/>\n23. Br\u00fccke von Vovousa \u00fcber dem Fluss Aoos (1748)<br \/>\n24. Br\u00fccke von Vovousa \u00fcber einem Nebenfl\u00fcss des Flusses Aoos<br \/>\n25. Br\u00fccke von Papigkos \u00fcber einem Nebenfl\u00fcss des Flusses Voidomatis (1854)<\/li>\n<\/ol>\n<p><strong>Gebiet von Konitsa<\/strong><\/p>\n<ol start=\"6\">\n<li>Br\u00fccke von Voidomatis in Kleidonia (1853)<br \/>\n27. Br\u00fccke von Konitsa \u00fcber dem Fluss Aoos (1850)<br \/>\n28. Br\u00fccke von Mpousi \u00fcber dem Nebenfluss von Aoos, in Topolitsa (\u039aonitsa, 1904)<br \/>\n29. Br\u00fccke von Pournias \u00fcber dem Nebenfluss von Sarantaporo (1853)<br \/>\n30. Br\u00fccke von Pigi<\/li>\n<\/ol>\n<p><strong>Gebiet von Grevena<\/strong><\/p>\n<ol>\n<li>Dreib\u00f6gige Br\u00fccke Aziz Aga \u00fcber dem Fluss Venetikos (\u03a4rikomo, \u039aosmati, \u039aipourio 1727)<br \/>\n32. Br\u00fccke von Kagkelia \u00fcber dem Fluss Venetikos (\u03a4rikomo, Monahiti)<br \/>\n33. Br\u00fccke von Portitsa \u00fcber einem Nebenfluss des Flusses Venetikos (Spilaio, 1793)<br \/>\n34. Br\u00fccke von Ziakas \u00fcber dem Fluss Venetikos (\u0396iakas, 19. Jahrhundert)<br \/>\n35. Br\u00fccke von Katsogiannis \u00fcber dem Fluss Venetikos (Spilaio, 1800)<br \/>\n36. Br\u00fccke von Liatissa \u00fcber dem Fluss Venetikos (Spilaio)<br \/>\n37. Br\u00fccke von Stampeki \u00fcber einem Nebenfluss des Flusses Venetikos (\u039arania, 1850)<br \/>\n38. Br\u00fccke von Matsagkani \u00fcber einem Nebenfluss des Flusses Venetikos (\u039arania 1850)<\/li>\n<\/ol>\n<p>[\/vc_column_text][vc_empty_space][\/vc_column][\/vc_row]<\/p>\n<\/div>","protected":false},"excerpt":{"rendered":"<p>[vc_row row_type=&#8220;row&#8220; use_row_as_full_screen_section=&#8220;no&#8220; type=&#8220;full_width&#8220; angled_section=&#8220;no&#8220; text_align=&#8220;left&#8220; background_image_as_pattern=&#8220;without_pattern&#8220; css_animation=&#8220;&#8220;][vc_column][vc_column_text]Die Bewohner der weiteren Umgebung benutzten schon immer f\u00fcr ihre t\u00e4glichen T\u00e4tigkeiten traditionell ein komplexes und funktionelles Netz von Pfaden. Gleichzeitig wurden die Bewohner, durch die besondere Morfologie des Bodens, des Klimas mit seinen h\u00e4ufigen Regen- und Schneef\u00e4llen,&#8230;<\/p>\n","protected":false},"author":8014,"featured_media":0,"parent":0,"menu_order":0,"comment_status":"open","ping_status":"open","template":"","meta":{"footnotes":""},"class_list":["post-13718","page","type-page","status-publish","hentry"],"_links":{"self":[{"href":"https:\/\/www.pindosnationalpark.gr\/de\/wp-json\/wp\/v2\/pages\/13718","targetHints":{"allow":["GET"]}}],"collection":[{"href":"https:\/\/www.pindosnationalpark.gr\/de\/wp-json\/wp\/v2\/pages"}],"about":[{"href":"https:\/\/www.pindosnationalpark.gr\/de\/wp-json\/wp\/v2\/types\/page"}],"author":[{"embeddable":true,"href":"https:\/\/www.pindosnationalpark.gr\/de\/wp-json\/wp\/v2\/users\/8014"}],"replies":[{"embeddable":true,"href":"https:\/\/www.pindosnationalpark.gr\/de\/wp-json\/wp\/v2\/comments?post=13718"}],"version-history":[{"count":0,"href":"https:\/\/www.pindosnationalpark.gr\/de\/wp-json\/wp\/v2\/pages\/13718\/revisions"}],"wp:attachment":[{"href":"https:\/\/www.pindosnationalpark.gr\/de\/wp-json\/wp\/v2\/media?parent=13718"}],"curies":[{"name":"wp","href":"https:\/\/api.w.org\/{rel}","templated":true}]}}