{"id":13722,"date":"2015-04-02T13:47:52","date_gmt":"2015-04-02T11:47:52","guid":{"rendered":"http:\/\/pindosnationalpark.gr\/?page_id=13722"},"modified":"2016-11-17T10:00:07","modified_gmt":"2016-11-17T08:00:07","slug":"kloester","status":"publish","type":"page","link":"https:\/\/www.pindosnationalpark.gr\/de\/kloester\/","title":{"rendered":"Kl\u00f6ster"},"content":{"rendered":"<div class=\"wpb-content-wrapper\"><p>[vc_row row_type=&#8220;row&#8220; use_row_as_full_screen_section=&#8220;no&#8220; type=&#8220;full_width&#8220; angled_section=&#8220;no&#8220; text_align=&#8220;left&#8220; background_image_as_pattern=&#8220;without_pattern&#8220; css_animation=&#8220;&#8220;][vc_column][vc_column_text]<img loading=\"lazy\" decoding=\"async\" class=\"size-full wp-image-2243 alignleft\" src=\"http:\/\/pindosnationalpark.gr\/wp-content\/uploads\/2013\/10\/ekklisies.jpg\" alt=\"ekklisies\" width=\"678\" height=\"400\" srcset=\"https:\/\/www.pindosnationalpark.gr\/wp-content\/uploads\/2013\/10\/ekklisies.jpg 678w, https:\/\/www.pindosnationalpark.gr\/wp-content\/uploads\/2013\/10\/ekklisies-300x176.jpg 300w\" sizes=\"auto, (max-width: 678px) 100vw, 678px\" \/>Zahlreiche Kl\u00f6ster sind in der n\u00f6rdlichen Pindos verstreut und man findet sie vorwiegend an Orte au\u00dfergew\u00f6hnlicher Aussicht. Die \u00e4ltesten von ihnen stammen aus der Zeit des Kaisers Konstantin IV Pogonatos. Heute sind die meisten Kl\u00f6ster nicht in Betrieb, w\u00e4hrend sie fr\u00fcher sehr wichtige Zentren des religi\u00f6sen, sozialen, kulturellen, Bildungs-und Wirtschaftsstatus f\u00fcr der Region waren. Die Besucher werden sicherlich von der bemerkenswerten Architektur, der Wandmalerei und Holzschnitzerei zufrieden gestellt, die in diesen Kl\u00f6stern angetroffen werden.<\/p>\n<p><strong>Gebiet von Zagori<\/strong><\/p>\n<ol>\n<li>Kloster von St. Ioannis R\u03bfgkovos in Tsepelovo, Schlucht Vikaki (1028-1034)<br \/>\n2. Kloster von St. Paraskevi in Monodendri, Schlucht Vikos (1412)<br \/>\n3. Kloster von Prophet Helias in Vitsa (1400)<br \/>\n4. Kloster von Mari\u00e4 Himmelfahrt in Votsa, am Fluss Vardas (Greveniti, 7. Jahrhundert)<br \/>\n5. Kloster von Mari\u00e4 Himmelfahrt Visikos in Zagoritiko, Tal des Flusses Zagoritikos (Kalouta, 1114, 1787)<br \/>\n6. Kloster von Muttergotes Spiliotisa in Aristi, Voidomatis (1597)<br \/>\n7. Kloster von St. Paraskevi in Skamneli (1697)<br \/>\n8. Kloster von Mari\u00e4 Himmelfahrt in Aspraggeloi (1470)<br \/>\n9. Kloster Evangelistria in Ano Pedina (1793)<br \/>\n10. Kloster von Mari\u00e4 Himmelfahrt in \u039cakrin\u03bf (1700)<br \/>\n11. Kloster von der Heiligen Dreifaltigkeit in Vrisochori(1667)<br \/>\n12. Kloster der Heiligen Dreifaltigkeit in Paliochori, Laista (1800)<br \/>\n13. Kloster von St. Nikolaos in Fraggades (1578)<br \/>\n14. Kirche von der Heiligen Dreifaltigkeit \u2013 St. Dimitrios und St. Georgios in Negades (1795)<br \/>\n15. Kirche von Mari\u00e4 Himmelfahrt in Koukouli (1630)<br \/>\n16. Kirche von St. Nikolaos in Tsepelovo (1708)<br \/>\n17. Kirche von St. Minas in Monodendri (1620)<br \/>\n18. Kirche von St. Nikolaos in Vitsa (1612)<br \/>\n19. Kirche von St. Dimitrios in Greveniti (1668)<br \/>\n20. Kirche von Mari\u00e4 Himmelfahrt in Elafotopos (1608)<br \/>\n21. Kirche von St. Vlasios in M.Papigko (1852)<br \/>\n22. Kirche von St. Dimitrios in Fraggades (1779)<\/li>\n<\/ol>\n<p>&nbsp;<\/p>\n<p><strong>Gebiet von Konitsa<\/strong><br \/>\n23. Kloster der Heiligen Anargiri in der Schlucht von Voidomatis (\u039alidonia, 1658)<br \/>\n24. Kloster der Heiligen Apostel in der alten Siedlung von Klidonia (Klidonia, 1662)<br \/>\n25. Kloster von Muttergottes Stomio in der Schlucht von Aoos (\u039aonitsa, 1774)<br \/>\n26. Kloster von St. Nikakoras (Nikakoras, 1816)<br \/>\n27. Kloster von Esodia Theotokos (1672)<br \/>\n28. Kirche von St. Nikolaos (\u039aonitsa, 1842)<br \/>\n29. Kirche von St. Paraskevi (Palaioseli, 1864)<br \/>\n30. Kirche von St. Georgios (Pigi)<\/p>\n<p><strong>Bergregionender <\/strong><strong>Pr\u00e4fektur<\/strong><strong> von Grevena<\/strong><br \/>\n31. Kloster von St. Paraskevi im Strom Samariniotiko (Samarina, 1713)<br \/>\n32. Kirche von Megali Panagia in Samarina (1812)<br \/>\n33. Kloster von Mari\u00e4 Himmelfahrt in Spilaio (1633)<br \/>\n34. Kirche von St. Nikolaos zwischen den Siedlungen Ziaka und Perivoli (1803)<br \/>\n35. Kirche der Heiligen Theodoros zwischen den Siedlungen Polineri und Alatopetra<br \/>\n36. Kirche von St. Georgios in Perivoli<br \/>\n37. Kloster von St. Athanasios Gorgianis zwischen den Siedlungen Kipourio und Krania[\/vc_column_text][\/vc_column][\/vc_row][vc_row row_type=&#8220;row&#8220; use_row_as_full_screen_section=&#8220;no&#8220; type=&#8220;full_width&#8220; angled_section=&#8220;no&#8220; text_align=&#8220;left&#8220; background_image_as_pattern=&#8220;without_pattern&#8220; css_animation=&#8220;&#8220;][vc_column][vc_empty_space][\/vc_column][\/vc_row]<\/p>\n<\/div>","protected":false},"excerpt":{"rendered":"<p>[vc_row row_type=&#8220;row&#8220; use_row_as_full_screen_section=&#8220;no&#8220; type=&#8220;full_width&#8220; angled_section=&#8220;no&#8220; text_align=&#8220;left&#8220; background_image_as_pattern=&#8220;without_pattern&#8220; css_animation=&#8220;&#8220;][vc_column][vc_column_text]Zahlreiche Kl\u00f6ster sind in der n\u00f6rdlichen Pindos verstreut und man findet sie vorwiegend an Orte au\u00dfergew\u00f6hnlicher Aussicht. Die \u00e4ltesten von ihnen stammen aus der Zeit des Kaisers Konstantin IV Pogonatos. Heute sind die meisten Kl\u00f6ster nicht in Betrieb,&#8230;<\/p>\n","protected":false},"author":8014,"featured_media":0,"parent":0,"menu_order":0,"comment_status":"open","ping_status":"open","template":"","meta":{"footnotes":""},"class_list":["post-13722","page","type-page","status-publish","hentry"],"_links":{"self":[{"href":"https:\/\/www.pindosnationalpark.gr\/de\/wp-json\/wp\/v2\/pages\/13722","targetHints":{"allow":["GET"]}}],"collection":[{"href":"https:\/\/www.pindosnationalpark.gr\/de\/wp-json\/wp\/v2\/pages"}],"about":[{"href":"https:\/\/www.pindosnationalpark.gr\/de\/wp-json\/wp\/v2\/types\/page"}],"author":[{"embeddable":true,"href":"https:\/\/www.pindosnationalpark.gr\/de\/wp-json\/wp\/v2\/users\/8014"}],"replies":[{"embeddable":true,"href":"https:\/\/www.pindosnationalpark.gr\/de\/wp-json\/wp\/v2\/comments?post=13722"}],"version-history":[{"count":0,"href":"https:\/\/www.pindosnationalpark.gr\/de\/wp-json\/wp\/v2\/pages\/13722\/revisions"}],"wp:attachment":[{"href":"https:\/\/www.pindosnationalpark.gr\/de\/wp-json\/wp\/v2\/media?parent=13722"}],"curies":[{"name":"wp","href":"https:\/\/api.w.org\/{rel}","templated":true}]}}