{"id":13726,"date":"2015-04-02T14:23:04","date_gmt":"2015-04-02T12:23:04","guid":{"rendered":"http:\/\/pindosnationalpark.gr\/?page_id=13726"},"modified":"2016-11-19T11:49:35","modified_gmt":"2016-11-19T09:49:35","slug":"%cf%80%cf%81%cf%8c%cf%83%ce%b2%ce%b1%cf%83%ce%b7","status":"publish","type":"page","link":"https:\/\/www.pindosnationalpark.gr\/de\/%cf%80%cf%81%cf%8c%cf%83%ce%b2%ce%b1%cf%83%ce%b7\/","title":{"rendered":"Zugang"},"content":{"rendered":"<div class=\"wpb-content-wrapper\"><p>[vc_row row_type=&#8220;row&#8220; use_row_as_full_screen_section=&#8220;no&#8220; type=&#8220;full_width&#8220; angled_section=&#8220;no&#8220; text_align=&#8220;left&#8220; background_image_as_pattern=&#8220;without_pattern&#8220; css_animation=&#8220;&#8220;][vc_column][vc_column_text]Die Fl\u00e4che des Nationalparks von Nord-Pindos geh\u00f6rt sowohl zu Epirus als auch zu Westmakedonien und dorthin kann man vom entesprechenden Stra\u00dfennetz der Siedlungen von Nord Pindos kommen. Die gr\u00f6\u00dften Ballungszentren in der N\u00e4he des Nationalparks sind Ioannina und Grevena. Oft gibt es Buslinien zwischen den gro\u00dfen Stadtzentren, in der N\u00e4he des Parks (Ioannina, Grevena) nach Athen und Thessaloniki, und auch Buslinien zwischen den meisten Siedlungen des Parks, die nicht so oft fahren.<br \/>\n<strong>Stra\u00dfenzugang<\/strong><\/p>\n<p>Der Nationalpark von NordPindos kann von vielen Seiten befahren werden. Seine <strong>S\u00fcdosten und \u00f6stliche <\/strong>Grenzen ber\u00fchren die Egnatia Autobahn, von der aus der Besucher leicht in den Park hinein fahren kann. Zun\u00e4chst kann man vom Autobahnknotenpunkt 05 von Ioannina in die Stadt hinein fahren, und von dort aus nach Zagori oder Konitsa, das hei\u00dft zum s\u00fcdwestlichen und westlichen Teil des Parks gef\u00fchrt werden.<\/p>\n<p>Alle anderen Autobahnknotenpunkte der Egnatia Autobahn beziehen sich <strong>auf den \u00f6stlichen oder nord\u00f6stlichen Teil des Parks<\/strong>. So kommt man vom Autobahnknotenpunkt 06 Arachthos &#8211; Zagori in das \u00f6stliche Zagori und vom Knotenpunkt 07 in das Gebiet von Metsovo. Von dort kann sich jemand nach ca. 20 km dem Park n\u00e4hern. An der Kreuzung von Egnatia nach Thessalien (A\/K Panagia 07B) kann man die alte Fernverkehrsstra\u00dfe durch Katara fahren und im Nationalpark ankommen (au\u00dfer den Winter Monaten). Zum Schluss kann der Besucher vom Autobahnknotenpunkt 08A von Venetikos im Gebiet von Grevena die alten Landstra\u00dfen von Metsovo oder Perivoli und allgemein den Vlachochoria von Vasilitsa folgen und in der Gegend des Nationalparks von Pindos ankommen. Dar\u00fcber hinaus kann man auch den Weg nach Samarina folgen und auf den n\u00f6rdlichen Teil von Smolikas ankommen, um durch die Bergp\u00e4sse den Teil des Parks, der sich im Raum von Ioannina befindet, zu erreichen. Zum n\u00f6rdlichen Teil des Parks kommt man, wenn man von Grevena aus den Weg nach Dotsiko und Eptachori folgt.<br \/>\n<strong>Der s\u00fcdwestliche und westliche Teil des Parks<\/strong> ist von der Fernverkehrsstra\u00dfe Ioannina &#8211; Konitsa \u2013 Kozani erreichbar und genauer vom 19. km des Dorfes Metamorphosi, vom 34. km im historischen Kalpaki sowie auch vom 38. km und 48. km, kann man nach Zagoria und der gr\u00f6\u00dferen Umgebung des Nationalparks Vikos \u2013 Aoos fahren.<\/p>\n<p>Auch vom 63. km, wo sich Konitsa befindet und bis zum 80. km, sind die westlichen Grenzen des Parks an der Autobahn Ioannina &#8211; Konitsa &#8211; Kozani. So kommt man ab dem 63. km in Konitsa an und kann in das Innere des Nationalparks eindringen, wenn man die Landstra\u00dfe zu den D\u00f6rfern Lakkas, Aoos, den H\u00e4nge Smolikas fogt. Au\u00dferdem entfernen sich die Grenzen des Nationalparks von der Fernverkehrsstra\u00dfe am 80. km (Verzweigung nach Agia Paraskevi) und biegen sich ostlich, von wo aus man sich dem n\u00f6rdlichen Teil von Smolikas n\u00e4hert, der sich im westlichen Grenzgebiet des Parks befindet und durch Bergp\u00e4sse mit dem Teil des Parks, der sich im Bezirk von Grevena befindet.<\/p>\n<p>Man kann sich dem Nationalpark von Albanien aus n\u00e4hern. Das Grenzgebiet Kakavia und Mertzani (Drei Br\u00fccken) ist 15 km von Zagoria oder Konitsa entfernt, d.h. an der nordwestlichen Grenzen des Nationalparks. Nat\u00fcrlich kann der Besucher des Parks der entgegengesetzte Richtung folgen, durch die obengennanten Grenzgebiete, und sehr leicht das Nachbarland besuchen (Gebiete von Argirokastro und Premetis).<\/p>\n<p><strong>Flugh\u00e4fen und H\u00e4fen<br \/>\n<\/strong>Die n\u00e4chsten Flugh\u00e4fen an der Grenze des Nationalparks ist das von Ioannina (25 km), von Aktio (145 km), von Argos Orestiko (60 km) und von Thessaloniki (180 km). Der n\u00e4chste internationale Hafen befindet sich in Igoumenitsa (108 km).[\/vc_column_text][\/vc_column][\/vc_row][vc_row row_type=&#8220;row&#8220; use_row_as_full_screen_section=&#8220;no&#8220; type=&#8220;full_width&#8220; angled_section=&#8220;no&#8220; text_align=&#8220;left&#8220; background_image_as_pattern=&#8220;without_pattern&#8220; css_animation=&#8220;&#8220;][vc_column][vc_empty_space][\/vc_column][\/vc_row]<\/p>\n<\/div>","protected":false},"excerpt":{"rendered":"<p>[vc_row row_type=&#8220;row&#8220; use_row_as_full_screen_section=&#8220;no&#8220; type=&#8220;full_width&#8220; angled_section=&#8220;no&#8220; text_align=&#8220;left&#8220; background_image_as_pattern=&#8220;without_pattern&#8220; css_animation=&#8220;&#8220;][vc_column][vc_column_text]Die Fl\u00e4che des Nationalparks von Nord-Pindos geh\u00f6rt sowohl zu Epirus als auch zu Westmakedonien und dorthin kann man vom entesprechenden Stra\u00dfennetz der Siedlungen von Nord Pindos kommen. Die gr\u00f6\u00dften Ballungszentren in der N\u00e4he des Nationalparks sind Ioannina und&#8230;<\/p>\n","protected":false},"author":8014,"featured_media":0,"parent":0,"menu_order":0,"comment_status":"open","ping_status":"open","template":"","meta":{"footnotes":""},"class_list":["post-13726","page","type-page","status-publish","hentry"],"_links":{"self":[{"href":"https:\/\/www.pindosnationalpark.gr\/de\/wp-json\/wp\/v2\/pages\/13726","targetHints":{"allow":["GET"]}}],"collection":[{"href":"https:\/\/www.pindosnationalpark.gr\/de\/wp-json\/wp\/v2\/pages"}],"about":[{"href":"https:\/\/www.pindosnationalpark.gr\/de\/wp-json\/wp\/v2\/types\/page"}],"author":[{"embeddable":true,"href":"https:\/\/www.pindosnationalpark.gr\/de\/wp-json\/wp\/v2\/users\/8014"}],"replies":[{"embeddable":true,"href":"https:\/\/www.pindosnationalpark.gr\/de\/wp-json\/wp\/v2\/comments?post=13726"}],"version-history":[{"count":0,"href":"https:\/\/www.pindosnationalpark.gr\/de\/wp-json\/wp\/v2\/pages\/13726\/revisions"}],"wp:attachment":[{"href":"https:\/\/www.pindosnationalpark.gr\/de\/wp-json\/wp\/v2\/media?parent=13726"}],"curies":[{"name":"wp","href":"https:\/\/api.w.org\/{rel}","templated":true}]}}