{"id":13748,"date":"2015-04-02T17:09:47","date_gmt":"2015-04-02T15:09:47","guid":{"rendered":"http:\/\/pindosnationalpark.gr\/?page_id=13748"},"modified":"2018-02-28T11:01:01","modified_gmt":"2018-02-28T09:01:01","slug":"geschichte-der-grundung","status":"publish","type":"page","link":"https:\/\/www.pindosnationalpark.gr\/de\/geschichte-der-grundung\/","title":{"rendered":"Geschichte der Gr\u00fcndung"},"content":{"rendered":"<p><strong>Die\u00a0Nord-Pindos Nationalpark-Verwaltung<\/strong> wird von einem elfk\u00f6pfigen Verwaltungsrat verwaltet und in dem beteiligen sich Vertreter des Ministeriums von \u03a5\u03a0\u0395\u039a\u0391, der l\u00e4ndlichen Entwicklung und Lebensmittel, des Entwicklungsministeriums, der Verwaltung der Dezentralisierung von Hepirus und westlichen Makedonien, der kommunalen Selbstverwaltung der Region, soziale wissenschaftliche und Produktions organisationen sowie auch Vertreter von Umweltsorganisationen die nicht von der Regierung gef\u00f6rdert werden und in \u00dcbereinstimmung mit ihrer Satzung zu ihrem Zweck den Schutz der nat\u00fcrlichen Umwelt machen und \u00fcber Erfahrung aus fr\u00fcheren Aktionen und in \u00e4hnlichen Themen verf\u00fcgen.<\/p>\n<p>Der Sitz des Leitungstr\u00e4gers befindet sich in der Gemeinde von Grevena, w\u00e4hrend die meisten Verwaltungs\u00e4mter, seit Februar 2007,vor\u00fcbergehend im Informationzentrum von Aspraggeloi, der Gemeinde von Zagori, in der Pr\u00e4fektur von Ioannina, untergebracht sind.<\/p>\n<h4>Mitglieder des Verwaltungsrates des Leitungstr\u00e4gers von Nationalpark Vikos &#8211; \u0391oos und Pindos:<\/h4>\n<table>\n<tbody>\n<tr>\n<td><strong>Charakterisierung der Mitglieder (<\/strong><strong>Vertretung)<\/strong><\/td>\n<td><strong>Name des st\u00e4ndiges Mitglied<\/strong><\/td>\n<td><strong>Bemerkungen<\/strong><\/td>\n<td><\/td>\n<\/tr>\n<tr>\n<td>Spezialist<\/td>\n<td>Mallinis Georgios<br \/>\nDr. Forstwissenschaftler<\/td>\n<td>Pr\u00e4sident<br \/>\ndes Gemeinderats<\/td>\n<td><\/td>\n<\/tr>\n<tr>\n<td>Vertreter der Verwaltung f\u00fcr Dezentralisierung von Epirus \u2013 West Makedonien (Epirus)<\/td>\n<td>\u03a4soumanis \u0391nastasios<br \/>\nStellvertretender Vorsitzender \u00a0 Leitungskoordination &amp; Waldinspektion<\/td>\n<td><\/td>\n<td><\/td>\n<\/tr>\n<tr>\n<td>Vertreter der \u03a0-\u039c\u039a\u039f<\/td>\n<td>Tziovas Konstantinos<\/td>\n<td>Sekret\u00e4r<br \/>\ndes Gemeinderats<\/td>\n<td><\/td>\n<\/tr>\n<tr>\n<td>Vertreter der \u03a5\u03a0\u0395\u039a\u0391<\/td>\n<td>Marmara Katia<br \/>\nForstwissenschaftlerin in \u03a4\u0394\u03a0\u03a6\u03a0 des Ministeriums<\/td>\n<td><\/td>\n<td><\/td>\n<\/tr>\n<tr>\n<td>Vertreter der Gemeinde von Grevena<\/td>\n<td>Kouptsidis Dimosthenis<br \/>\nB\u00fcrgermeister von Grevena<\/td>\n<td>\u00a0Vorsitzend Vizepr\u00e4sident<br \/>\ndes Gemeinderats<\/td>\n<td><\/td>\n<\/tr>\n<tr>\n<td>Vertreter der Pr\u00e4fektur von Epirus<\/td>\n<td>Kachrimanis Alexandros<br \/>\nProvinzgouverneur von Ioannina<\/td>\n<td><\/td>\n<td><\/td>\n<\/tr>\n<tr>\n<td>Vertreter der Verwaltung f\u00fcr Dezentralisierung von Epirus \u2013 West Makedonien (\u039cakedonien)<\/td>\n<td>Tzatzanis Ioannis<br \/>\nForstwissenschaftler der Waldleitung von Grevena<\/td>\n<td><\/td>\n<td><\/td>\n<\/tr>\n<tr>\n<td>Vertreter des Ministeriums l\u00e4ndlicher Entwicklung und Lebensmittel<\/td>\n<td>Pappas Manthos<br \/>\nForstwirt des Forstamtes von Ioannina<\/td>\n<td><\/td>\n<td><\/td>\n<\/tr>\n<tr>\n<td>Vertreter des Entwicklungsministeriums (Wirtschaft &amp; Schifffahrt)<\/td>\n<td>Foteinogiannopoulos Georgios<br \/>\nMaschinenbau Ingenieur im Ministerium<\/td>\n<td><\/td>\n<td><\/td>\n<\/tr>\n<tr>\n<td>Vertreter der \u03a4\u0395\u0394\u039a von \u0399oannina<\/td>\n<td>Tsiompikos Nikolaos<br \/>\nB\u00fcrgermeister von Metsovo<\/td>\n<td><\/td>\n<td><\/td>\n<\/tr>\n<tr>\n<td>Vertreter der l\u00e4ndliche Verb\u00e4nde von Ioannina &amp; Grevena<\/td>\n<td>Papathanasiou Ioannis<br \/>\nMitglied des Gemeinderats \u0395\u0391\u03a3 \u0399oannina<\/td>\n<td><\/td>\n<td><\/td>\n<\/tr>\n<\/tbody>\n<\/table>\n","protected":false},"excerpt":{"rendered":"<p>Die\u00a0Nord-Pindos Nationalpark-Verwaltung wird von einem elfk\u00f6pfigen Verwaltungsrat verwaltet und in dem beteiligen sich Vertreter des Ministeriums von \u03a5\u03a0\u0395\u039a\u0391, der l\u00e4ndlichen Entwicklung und Lebensmittel, des Entwicklungsministeriums, der Verwaltung der Dezentralisierung von Hepirus und westlichen Makedonien, der kommunalen Selbstverwaltung der Region, soziale wissenschaftliche und Produktions organisationen sowie&#8230;<\/p>\n","protected":false},"author":8014,"featured_media":0,"parent":0,"menu_order":0,"comment_status":"open","ping_status":"open","template":"page-PageTemplate1.php","meta":{"footnotes":""},"class_list":["post-13748","page","type-page","status-publish","hentry"],"_links":{"self":[{"href":"https:\/\/www.pindosnationalpark.gr\/de\/wp-json\/wp\/v2\/pages\/13748","targetHints":{"allow":["GET"]}}],"collection":[{"href":"https:\/\/www.pindosnationalpark.gr\/de\/wp-json\/wp\/v2\/pages"}],"about":[{"href":"https:\/\/www.pindosnationalpark.gr\/de\/wp-json\/wp\/v2\/types\/page"}],"author":[{"embeddable":true,"href":"https:\/\/www.pindosnationalpark.gr\/de\/wp-json\/wp\/v2\/users\/8014"}],"replies":[{"embeddable":true,"href":"https:\/\/www.pindosnationalpark.gr\/de\/wp-json\/wp\/v2\/comments?post=13748"}],"version-history":[{"count":1,"href":"https:\/\/www.pindosnationalpark.gr\/de\/wp-json\/wp\/v2\/pages\/13748\/revisions"}],"predecessor-version":[{"id":15779,"href":"https:\/\/www.pindosnationalpark.gr\/de\/wp-json\/wp\/v2\/pages\/13748\/revisions\/15779"}],"wp:attachment":[{"href":"https:\/\/www.pindosnationalpark.gr\/de\/wp-json\/wp\/v2\/media?parent=13748"}],"curies":[{"name":"wp","href":"https:\/\/api.w.org\/{rel}","templated":true}]}}