{"id":13765,"date":"2015-04-02T17:42:55","date_gmt":"2015-04-02T15:42:55","guid":{"rendered":"http:\/\/pindosnationalpark.gr\/?page_id=13765"},"modified":"2016-11-19T12:34:31","modified_gmt":"2016-11-19T10:34:31","slug":"%ce%b5%cf%80%cf%8c%cf%80%cf%84%ce%b5%cf%85%cf%83%ce%b7-%cf%86%cf%8d%ce%bb%ce%b1%ce%be%ce%b7","status":"publish","type":"page","link":"https:\/\/www.pindosnationalpark.gr\/de\/%ce%b5%cf%80%cf%8c%cf%80%cf%84%ce%b5%cf%85%cf%83%ce%b7-%cf%86%cf%8d%ce%bb%ce%b1%ce%be%ce%b7\/","title":{"rendered":"Uberwachung-Schutz"},"content":{"rendered":"<div class=\"wpb-content-wrapper\"><p>[vc_row row_type=&#8220;row&#8220; use_row_as_full_screen_section=&#8220;no&#8220; type=&#8220;full_width&#8220; angled_section=&#8220;no&#8220; text_align=&#8220;left&#8220; background_image_as_pattern=&#8220;without_pattern&#8220; css_animation=&#8220;&#8220;][vc_column][vc_column_text]Die Umsetzung der \u00dcberwachung Ma\u00dfnahmen der gesch\u00fctzten Region wird von dem Leitungstr\u00e4ger, nach dem j\u00e4hrlichen Plan der Uberwachung und des Schutzes verwicklicht. Auf diese Weise wird die bisherige Erfahrung sowie die neuen Bed\u00fcrfnisse die sich bilden als auch die L\u00f6sungsm\u00f6glichkeiten die beobachtet wurden bei der Anwendung des Plans Uberwachung und Schutz <strong>des Nationalparks von Nord Pindos<\/strong>. Der Leitungstr\u00e4ger hat wissenschaftliches Personal zur Verf\u00fcgung. Genauer gesagt:<br \/>\n\u2022 Eine Beraterin f\u00fcr die Leitung der Umwelt \u2013verantwortlich f\u00fcr Uberwachung und Schutz sowie auch ihren Vertreter,<br \/>\n\u2022 Acht W\u00e4chter f\u00fcr die \u00dcberwachung der Region<br \/>\n\u2022 Vier kleine Feuerwehrautos<\/p>\n<p>&nbsp;<\/p>\n<p><strong>Gegenstand des Programms <\/strong><strong>Uberwachung-Schutz ist<strong>: <\/strong><\/strong><br \/>\n<strong>1.<\/strong> Die \u00dcberwachung und die h\u00e4ufigen Kontrollen in der Region, mit Ziel die Einschr\u00e4nkung der illegalen Aktivit\u00e4ten.<br \/>\n<strong>2.<\/strong> Die laufende und organisierte \u00dcberwachung der gesch\u00fctzten Arten Flora und Fauna, mit Schwerpunkt die vom Aussterben bedrohte Arten.<br \/>\n<strong>3.<\/strong> Die Sensibilisierung der lokalen Bev\u00f6lkerung und der Besucher der Region in Sachen Schutz der nat\u00fcrlichen Umgebung und ihre Informierung \u00fcber die rechtlichen Rahmenbedingungen steuert den Betrieb des Nationalparks.<br \/>\n<strong>4.<\/strong> Die Informierung der zust\u00e4ndigen und mitzust\u00e4ndigen \u00c4mtern, im Falle der Lokallisierung illegaler Aktivit\u00e4ten (F\u00f6rsteramt, Feuerwehr, Wildh\u00fcter, Polizei, u.a.).<br \/>\n<strong>5.<\/strong> Pr\u00e4vention und die rechtzeitige L\u00f6schung von Waldbr\u00e4nden.<br \/>\n<strong>6.<\/strong> Indirektes Ziel der Uberwachung und des Schutzes der gesch\u00fctzten Region des Nationalparks sind die internationale Verpflichtungen des Landes.<\/p>\n<p>&nbsp;<\/p>\n<p>Vorraussetzung f\u00fcr eine erfolgreiche Anwendung eines Plans zur Uberwachung und Schutz ist die Sicherheit der harmonischen Zusammenarbeit des Leitungstr\u00e4gers mit den entsprechenden \u00c4mtern und Tr\u00e4gern, die etwas mit dem Schutz und der Uberwachung der entsprechenden Region zu tun haben. Die Sensbilisierung der lokalen Bev\u00f6lkerung in Sachen Umwelt und das Vest\u00e4ndnis der Notwendigkeit f\u00fcr die Anwendung des Sch\u00fctzplans, so das sie eine aktive Teilnahme an der Verwicklichung des Programms haben, ist der entscheidende Faktor f\u00fcr diesen Versuch.[\/vc_column_text][\/vc_column][\/vc_row][vc_row row_type=&#8220;row&#8220; use_row_as_full_screen_section=&#8220;no&#8220; type=&#8220;full_width&#8220; angled_section=&#8220;no&#8220; text_align=&#8220;left&#8220; background_image_as_pattern=&#8220;without_pattern&#8220; css_animation=&#8220;&#8220;][vc_column][vc_empty_space][\/vc_column][\/vc_row]<\/p>\n<\/div>","protected":false},"excerpt":{"rendered":"<p>[vc_row row_type=&#8220;row&#8220; use_row_as_full_screen_section=&#8220;no&#8220; type=&#8220;full_width&#8220; angled_section=&#8220;no&#8220; text_align=&#8220;left&#8220; background_image_as_pattern=&#8220;without_pattern&#8220; css_animation=&#8220;&#8220;][vc_column][vc_column_text]Die Umsetzung der \u00dcberwachung Ma\u00dfnahmen der gesch\u00fctzten Region wird von dem Leitungstr\u00e4ger, nach dem j\u00e4hrlichen Plan der Uberwachung und des Schutzes verwicklicht. Auf diese Weise wird die bisherige Erfahrung sowie die neuen Bed\u00fcrfnisse die sich bilden als auch&#8230;<\/p>\n","protected":false},"author":8014,"featured_media":0,"parent":0,"menu_order":0,"comment_status":"open","ping_status":"open","template":"","meta":{"footnotes":""},"class_list":["post-13765","page","type-page","status-publish","hentry"],"_links":{"self":[{"href":"https:\/\/www.pindosnationalpark.gr\/de\/wp-json\/wp\/v2\/pages\/13765","targetHints":{"allow":["GET"]}}],"collection":[{"href":"https:\/\/www.pindosnationalpark.gr\/de\/wp-json\/wp\/v2\/pages"}],"about":[{"href":"https:\/\/www.pindosnationalpark.gr\/de\/wp-json\/wp\/v2\/types\/page"}],"author":[{"embeddable":true,"href":"https:\/\/www.pindosnationalpark.gr\/de\/wp-json\/wp\/v2\/users\/8014"}],"replies":[{"embeddable":true,"href":"https:\/\/www.pindosnationalpark.gr\/de\/wp-json\/wp\/v2\/comments?post=13765"}],"version-history":[{"count":0,"href":"https:\/\/www.pindosnationalpark.gr\/de\/wp-json\/wp\/v2\/pages\/13765\/revisions"}],"wp:attachment":[{"href":"https:\/\/www.pindosnationalpark.gr\/de\/wp-json\/wp\/v2\/media?parent=13765"}],"curies":[{"name":"wp","href":"https:\/\/api.w.org\/{rel}","templated":true}]}}