{"id":13770,"date":"2015-04-02T17:47:40","date_gmt":"2015-04-02T15:47:40","guid":{"rendered":"http:\/\/pindosnationalpark.gr\/?page_id=13770"},"modified":"2016-11-19T12:42:34","modified_gmt":"2016-11-19T10:42:34","slug":"programme-zur-ueberwachung","status":"publish","type":"page","link":"https:\/\/www.pindosnationalpark.gr\/de\/programme-zur-ueberwachung\/","title":{"rendered":"Programme zur \u00dcberwachung"},"content":{"rendered":"<div class=\"wpb-content-wrapper\"><p>[vc_row row_type=&#8220;row&#8220; use_row_as_full_screen_section=&#8220;no&#8220; type=&#8220;full_width&#8220; angled_section=&#8220;no&#8220; text_align=&#8220;left&#8220; background_image_as_pattern=&#8220;without_pattern&#8220; css_animation=&#8220;&#8220;][vc_column][vc_column_text]Die \u00d6kotopen und die Arten von Flora und Fauna der gesch\u00fctzten Regionen werden mit gro\u00dfen Problemen konfrontiert, wegen der menschlichen Aktivit\u00e4ten und Konstruktionen, aber auch wegen der extremen Umwelt erreignissen (Feuer, Hochwasser u.a.). Die Erhaltung der biologischen Vielfalt und der Landschaft, d.h.die Sicherheit des in Schutz gestellten Objekts in der Region, wird durch die Umsetzung der bewiesenen Methoden nachhaltiger Leitung (environmental monitoring) erreicht. Die wissenschaftliche Beobachtung ist die regelm\u00e4\u00dfige Beobachtung von Schwankungen der Parameter mit Ziel die Feststellung des \u00dcbereinstimmung grades oder Abweichung mit einer vorbestimmten Swankung oder Preis.<\/p>\n<p>Die Plannung und die Durchf\u00fchrung eines Beobachtungsprogramms soll die nat\u00fcrlichen, \u00f6kologischen, und biologischen sowie wirtschaftlichen, sozialen und politischen Parameter ber\u00fccksichtigen. Ziel des Plans ist die Abw\u00e4gung allervorhergehenden Faktoren.<\/p>\n<p>Insbesondere f\u00fcr den Zeitraum 2013-2015, in Bezug auf das Projekt \u201eAufsicht, Aufzeichnung und Bewertung der Situation f\u00fcr die Erhaltung der verschiedenen Arten von \u00d6kotopen, Flora und Fauna, der Richtlinien 92\/43 und 2009\/ 147 und anderer wichtiger Arten von Flora und Fauna in der Gegend des Nationlparks von Nord Pindos\u201c. Au\u00dferdem wird die Beobachtung mancher Arten v\u00f6llig von dem Personal des Leitungstr\u00e4gers und mit hilfe spezieller technischer Berater, realiziert. Die Arten, die beobachtet werden sind die G\u00e4mse (<em>Rupicapra rupicapra balcanica<\/em>), der Fischotter (<em>Lutra lutra<\/em>), die Fischfauna der Region (<em>salmomacrostigma<\/em>, <em>cobitis taenia<\/em>, <em>Barbus<\/em><em> u.a.)<\/em> und die Floraarten der Richtlinien 92\/43 (<em>Artemisia eriantha, Buxbaumia viridis, Botrychium simplex, Ramonda serbica, Solenanthus albanicus,Gentiana lutea<\/em>).[\/vc_column_text][\/vc_column][\/vc_row][vc_row row_type=&#8220;row&#8220; use_row_as_full_screen_section=&#8220;no&#8220; type=&#8220;full_width&#8220; angled_section=&#8220;no&#8220; text_align=&#8220;left&#8220; background_image_as_pattern=&#8220;without_pattern&#8220; css_animation=&#8220;&#8220;][vc_column][vc_empty_space][\/vc_column][\/vc_row]<\/p>\n<\/div>","protected":false},"excerpt":{"rendered":"<p>[vc_row row_type=&#8220;row&#8220; use_row_as_full_screen_section=&#8220;no&#8220; type=&#8220;full_width&#8220; angled_section=&#8220;no&#8220; text_align=&#8220;left&#8220; background_image_as_pattern=&#8220;without_pattern&#8220; css_animation=&#8220;&#8220;][vc_column][vc_column_text]Die \u00d6kotopen und die Arten von Flora und Fauna der gesch\u00fctzten Regionen werden mit gro\u00dfen Problemen konfrontiert, wegen der menschlichen Aktivit\u00e4ten und Konstruktionen, aber auch wegen der extremen Umwelt erreignissen (Feuer, Hochwasser u.a.). Die Erhaltung der biologischen Vielfalt&#8230;<\/p>\n","protected":false},"author":8014,"featured_media":0,"parent":0,"menu_order":0,"comment_status":"open","ping_status":"open","template":"","meta":{"footnotes":""},"class_list":["post-13770","page","type-page","status-publish","hentry"],"_links":{"self":[{"href":"https:\/\/www.pindosnationalpark.gr\/de\/wp-json\/wp\/v2\/pages\/13770","targetHints":{"allow":["GET"]}}],"collection":[{"href":"https:\/\/www.pindosnationalpark.gr\/de\/wp-json\/wp\/v2\/pages"}],"about":[{"href":"https:\/\/www.pindosnationalpark.gr\/de\/wp-json\/wp\/v2\/types\/page"}],"author":[{"embeddable":true,"href":"https:\/\/www.pindosnationalpark.gr\/de\/wp-json\/wp\/v2\/users\/8014"}],"replies":[{"embeddable":true,"href":"https:\/\/www.pindosnationalpark.gr\/de\/wp-json\/wp\/v2\/comments?post=13770"}],"version-history":[{"count":0,"href":"https:\/\/www.pindosnationalpark.gr\/de\/wp-json\/wp\/v2\/pages\/13770\/revisions"}],"wp:attachment":[{"href":"https:\/\/www.pindosnationalpark.gr\/de\/wp-json\/wp\/v2\/media?parent=13770"}],"curies":[{"name":"wp","href":"https:\/\/api.w.org\/{rel}","templated":true}]}}