{"id":13786,"date":"2015-04-02T18:04:13","date_gmt":"2015-04-02T16:04:13","guid":{"rendered":"http:\/\/pindosnationalpark.gr\/?page_id=13786"},"modified":"2018-02-28T11:02:28","modified_gmt":"2018-02-28T09:02:28","slug":"gesetzgebung-regelung-2","status":"publish","type":"page","link":"https:\/\/www.pindosnationalpark.gr\/de\/gesetzgebung-regelung-2\/","title":{"rendered":"Gesetzgebung-Regelung"},"content":{"rendered":"<p>Der <a href=\"http:\/\/en.pons.eu\/translate\/german-greek\/gesetzlicher\">gesetzliche<\/a> und rechtliche <a href=\"http:\/\/en.pons.eu\/translate\/german-greek\/Strafrahmen\">Rahmen<\/a>, der den Nord-Pindos Nationalpark-Verwaltung steuert, enth\u00e4lt:<\/p>\n<p>die <strong>Gesetze<\/strong>:<br \/>\n\u2022 <a href=\"http:\/\/www.pindosnationalpark.gr\/images1\/nomoi_pdf\/27421999%20%C2%AB%CE%A7%CF%89%CF%81%CE%BF%CF%84%CE%B1%CE%BE%CE%B9%CE%BA%CF%8C%CF%82%20%CF%83%CF%87%CE%B5%CE%B4%CE%B9%CE%B1%CF%83%CE%BC%CF%8C%CF%82%20%CE%BA%CE%B1%CE%B9%20%CE%B1%CE%B5%CE%B9%CF%86%CF%8C%CF%81%CE%BF%CF%82%20%CE%B1%CE%BD%CE%AC%CF%80%CF%84%CF%85%CE%BE%CE%B7%20%CE%BA%CE%B1%CE%B9%20%CE%AC%CE%BB%CE%BB%CE%B5%CF%82%20%CE%B4%CE%B9%CE%B1%CF%84%CE%AC%CE%BE%CE%B5%CE%B9%CF%82%C2%BB%20.pdf\">2742\/1999<\/a> \u201eRaumplanung und nachhaltige Entwicklung und andere Bestimmungen\u201c<br \/>\n\u2022 <a href=\"http:\/\/www.pindosnationalpark.gr\/images1\/nomoi_pdf\/N.3044-2002.pdf\">3044\/2002<\/a> \u201eTransfer des Baufaktors und Regelungen anderer Zust\u00e4ndigkeitsthemen des Ministeriums f\u00fcr Umwelt, Raumordnung und \u00f6ffentliche Arbeiten\u201c<\/p>\n<p>die Ministerial beschl\u00fcsse:<br \/>\n\u2022<a href=\"http:\/\/www.pindosnationalpark.gr\/images1\/nomoi_pdf\/%CE%9A%CE%B1%CE%BD%CE%BF%CE%BD%CE%B9%CF%83%CE%BC%CE%BF%CF%8D%20%CE%9B%CE%B5%CE%B9%CF%84%CE%BF%CF%85%CF%81%CE%B3%CE%AF%CE%B1%CF%82%20%CE%95%CE%B8%CE%BD%CE%B9%CE%BA%CE%BF%CF%8D%20%CE%94%CF%81%CF%85%CE%BC%CE%BF%CF%8D%20%CE%92%CE%AF%CE%BA%CE%BF%CF%85%20%CE%A6%CE%95%CE%9A%20B%20531%20-%2016-09-1985.pdf\">\u03a5\u0391 164686\/2772 \u03a6\u0395\u039a 531 \u0392\/16.9.85<\/a> \u201eGenehmigung der Betriebsregelung des Nationalparks Vikos-Aoos\u201c<br \/>\n\u2022 <a href=\"http:\/\/www.pindosnationalpark.gr\/images1\/nomoi_pdf\/%CE%9A%CE%B1%CE%BD%CE%BF%CE%BD%CE%B9%CF%83%CE%BC%CF%8C%CF%82%20%CE%BB%CE%B5%CE%B9%CF%84%CE%BF%CF%85%CF%81%CE%B3%CE%B5%CE%AF%CE%B1%CF%82-%CE%A6.%CE%95.%CE%9A.%20589%20%CE%9285.pdf\">\u03a5\u0391 165054\/2865 \u03a6\u0395\u039a 589 \u0392\/2.10.85<\/a> \u201eGenehmigung der Betriebsregelung des Nationalparks Pindos\u201d<br \/>\n\u2022 \u039a\u03a5\u0391 125184\/357\/\u03a6\u0395\u039a 126 \u0392\u2019 \/7.2.03 \u201eBestimmung der Anzahl der Mitglieder des Verwaltungsrats des Leitungstr\u00e4gers des Nationalparks von Vikos-\u0391oos und von Pindos (Nationalpark von Nord Pindos)\u201d<br \/>\n\u2022 <a href=\"http:\/\/www.pindosnationalpark.gr\/images1\/nomoi_pdf\/%CE%9Aan.%20leitourgias%20D.S.%20&amp;%20Oikonomikis%20leitourgias%20Pindou.pdf\">\u03a5\u0391 36427\/\u03a6\u0395\u039a 1401 \u0392\u2019\/13.9.04<\/a> \u201eGenehmigung der Betriebsregelung der Vorstandsmitglieder des Verwaltungstr\u00e4gers des Nationalparks Vikos-Aoos und vom Pindos\u201c<br \/>\n\u2022 <a href=\"http:\/\/www.pindosnationalpark.gr\/images1\/nomoi_pdf\/%CE%9Aan.%20leitourgias%20D.S.%20&amp;%20Oikonomikis%20leitourgias%20Pindou.pdf\">\u03a5\u0391 36431\/\u03a6\u0395\u039a 1401 \u0392\u2019\/13.9.04<\/a> \u201eGenehmigung der Regelung f\u00fcr Finanzf\u00fchrung des Verwaltungstr\u00e4gers f\u00fcr den Nationalpark von Vikos-Aoos und von Pindos\u201c<br \/>\n\u2022 <a href=\"http:\/\/www.pindosnationalpark.gr\/images1\/nomoi_pdf\/%CE%9Aan.%20leitourgias%20Ypiresion%20&amp;%20Prosopikou%20Pindou.pdf\">\u03a5\u0391 21732\/\u03a6\u0395\u039a 787 \u0392\u2019\/10.6.05<\/a> \u201eBetriebsregelung von \u00c4mtern und Personal des Leitungstr\u00e4gers f\u00fcr den Nationalpark von Vikos-Aoos und von Pindos\u201c<br \/>\n\u2022 <a href=\"http:\/\/www.pindosnationalpark.gr\/images1\/nomoi_pdf\/%CE%9Aan.%20leitourgias%20Ektelesis%20ergsion%20ktl.%20Pindou.pdf\">\u03a5\u0391 34939\/\u03a6\u0395\u039a 1311B\u2019\/19.9.05<\/a> \u201eGenehmigung der Regelung f\u00fcr die Ausf\u00fchrung von Arbeiten, f\u00fcr die Auftrag gebung, Beobachtung und Entgegennahme von Untersuchungen und Leistungen, Provision, Lieferung und Annahme von G\u00fctern Schlie\u00dfung und Ausf\u00fchrung entsprechender Vertr\u00e4ge des Leitungstr\u00e4gers des Nationalparks Vikos \u2013 Aoos und Pindos\u201c<br \/>\n\u2022\u03a6\u0395\u039a 560\/1-04-2008 \u201eFehlerbehebung (Nr. 34939\/4-8-2005) im Beschluss des Ministers f\u00fcr Umwelt Raumordnung und \u00f6ffentliche Arbeiten\u201c<\/p>\n","protected":false},"excerpt":{"rendered":"<p>Der gesetzliche und rechtliche Rahmen, der den Nord-Pindos Nationalpark-Verwaltung steuert, enth\u00e4lt: die Gesetze: \u2022 2742\/1999 \u201eRaumplanung und nachhaltige Entwicklung und andere Bestimmungen\u201c \u2022 3044\/2002 \u201eTransfer des Baufaktors und Regelungen anderer Zust\u00e4ndigkeitsthemen des Ministeriums f\u00fcr Umwelt, Raumordnung und \u00f6ffentliche Arbeiten\u201c die Ministerial beschl\u00fcsse: \u2022\u03a5\u0391 164686\/2772 \u03a6\u0395\u039a&#8230;<\/p>\n","protected":false},"author":8014,"featured_media":0,"parent":0,"menu_order":0,"comment_status":"open","ping_status":"open","template":"page-PageTemplate1.php","meta":{"footnotes":""},"class_list":["post-13786","page","type-page","status-publish","hentry"],"_links":{"self":[{"href":"https:\/\/www.pindosnationalpark.gr\/de\/wp-json\/wp\/v2\/pages\/13786","targetHints":{"allow":["GET"]}}],"collection":[{"href":"https:\/\/www.pindosnationalpark.gr\/de\/wp-json\/wp\/v2\/pages"}],"about":[{"href":"https:\/\/www.pindosnationalpark.gr\/de\/wp-json\/wp\/v2\/types\/page"}],"author":[{"embeddable":true,"href":"https:\/\/www.pindosnationalpark.gr\/de\/wp-json\/wp\/v2\/users\/8014"}],"replies":[{"embeddable":true,"href":"https:\/\/www.pindosnationalpark.gr\/de\/wp-json\/wp\/v2\/comments?post=13786"}],"version-history":[{"count":1,"href":"https:\/\/www.pindosnationalpark.gr\/de\/wp-json\/wp\/v2\/pages\/13786\/revisions"}],"predecessor-version":[{"id":15780,"href":"https:\/\/www.pindosnationalpark.gr\/de\/wp-json\/wp\/v2\/pages\/13786\/revisions\/15780"}],"wp:attachment":[{"href":"https:\/\/www.pindosnationalpark.gr\/de\/wp-json\/wp\/v2\/media?parent=13786"}],"curies":[{"name":"wp","href":"https:\/\/api.w.org\/{rel}","templated":true}]}}