{"id":13835,"date":"2015-04-02T18:20:38","date_gmt":"2015-04-02T16:20:38","guid":{"rendered":"http:\/\/pindosnationalpark.gr\/?page_id=13835"},"modified":"2017-07-23T12:46:03","modified_gmt":"2017-07-23T10:46:03","slug":"%ce%ba%ce%ad%ce%bd%cf%84%cf%81%ce%b1-%cf%80%ce%bb%ce%b7%cf%81%ce%bf%cf%86%cf%8c%cf%81%ce%b7%cf%83%ce%b7%cf%82","status":"publish","type":"page","link":"https:\/\/www.pindosnationalpark.gr\/de\/%ce%ba%ce%ad%ce%bd%cf%84%cf%81%ce%b1-%cf%80%ce%bb%ce%b7%cf%81%ce%bf%cf%86%cf%8c%cf%81%ce%b7%cf%83%ce%b7%cf%82\/","title":{"rendered":"Informierungszentren"},"content":{"rendered":"<p>Ziel des Betriebs der Informierungszentren ist die Einweihung der Besucher in wichtigen, \u00f6kologischen und kulturellen Merkmalen der gesch\u00fctzten Region von Nord Pindos, sowie ihre Sensibilisierung gegen\u00fcber der nat\u00fcrlichen und anthropogenen Umwelt.<br \/>\nIn ihren R\u00e4umen werden Exponate ausgestellt und Filme \u00fcber die nat\u00fcrliche Sch\u00f6nheit des Nationalparks, f\u00fcr seine einzigartige Architektur, seine Geschichte und Volkskunde der Region pr\u00e4sentiert. Es werden auch F\u00fchrungen f\u00fcr organisierte Besucher Gruppen durchgenommen, wie Gruppen von Touristen, Rentner Vereine, Schulen, Universit\u00e4ten u.a. Den Besuchern wird kostenloses Informationsmaterial gegeben, sie werden je nach Interesse \u00fcber die Sehensw\u00fcrdigkeiten die Observationspunkte, die Wanderwege, Denm\u00e4ler und Aktivit\u00e4ten, die sie in der Region des Nationalparks w\u00e4hrend ihres Aufenthaltes darin durchf\u00fchren k\u00f6nnen. Heute sind im Gebiet des Nationalparks von Nord Pindos f\u00fcnf Informierungszentren in Aspraggeloi, in Metsovo, in Mavran\u00ebi, in Vovousa und in Papigko in Betrieb.<\/p>\n<p>&nbsp;<\/p>\n<p><strong>Informierungszentrum von Aspraggeloi<\/strong><\/p>\n<p>tel.- Fax: 26530 22241<br \/>\ne-mail: <a href=\"mailto:kpasprag@otenet.gr\">kpasprag@otenet.gr<\/a><\/p>\n<p><span id=\"shortcode\" class=\"sk_defaultText\" data-postid=\"13579\"><div class=\"iGalWrapper\"><div><a href=\"#\" class=\"iGalBackBTN\" style=\"color: #2a2929;\">\u03a0\u03af\u03c3\u03c9<\/a><\/div><div class=\"galleryPreloader\"><div><img decoding=\"async\" src=\"https:\/\/www.pindosnationalpark.gr\/wp-content\/plugins\/sk_igallery\/images\/white_preloader.gif\" alt=\"preloader\" \/><\/div><\/div><div class=\"iclear-fx\"><\/div><div data-show_groups_labesls=\"\" data-lightbox_colors=\"ec761a\" data-group_color=\"2a2929\" data-gap_one=\"20\" data-gap_two=\"20\" data-wdt=\"150\" data-hgt=\"140\" class=\"iGalleryContainer\"><div class=\"igalleryGroup\" data-groupName=\"\u039a\u03a0 \u0391\u03a3\u03a0\u03a1\u0391\u0393\u0393\u0395\u039b\u03a9\u039d\"><div data-groupName=\"\u039a\u03a0 \u0391\u03a3\u03a0\u03a1\u0391\u0393\u0393\u0395\u039b\u03a9\u039d\" data-thub_url=\"https:\/\/www.pindosnationalpark.gr\/wp-content\/uploads\/2015\/02\/\u0395\u03b9\u03ba\u03cc\u03bd\u03b1-050-150x140.jpg\" data-full_url=\"https:\/\/www.pindosnationalpark.gr\/wp-content\/uploads\/2015\/02\/\u0395\u03b9\u03ba\u03cc\u03bd\u03b1-050.jpg\" class=\"imageItemData\">\u0395\u03b9\u03ba\u03cc\u03bd\u03b1 050<\/div><div data-groupName=\"\u039a\u03a0 \u0391\u03a3\u03a0\u03a1\u0391\u0393\u0393\u0395\u039b\u03a9\u039d\" data-thub_url=\"https:\/\/www.pindosnationalpark.gr\/wp-content\/uploads\/2015\/02\/PICT0009-150x140.jpg\" data-full_url=\"https:\/\/www.pindosnationalpark.gr\/wp-content\/uploads\/2015\/02\/PICT0009.jpg\" class=\"imageItemData\">KONICA MINOLTA DIGITAL CAMERA<\/div><div data-groupName=\"\u039a\u03a0 \u0391\u03a3\u03a0\u03a1\u0391\u0393\u0393\u0395\u039b\u03a9\u039d\" data-thub_url=\"https:\/\/www.pindosnationalpark.gr\/wp-content\/uploads\/2015\/02\/DSC_0116-150x140.jpg\" data-full_url=\"https:\/\/www.pindosnationalpark.gr\/wp-content\/uploads\/2015\/02\/DSC_0116.jpg\" class=\"imageItemData\">DSC_0116<\/div><div data-groupName=\"\u039a\u03a0 \u0391\u03a3\u03a0\u03a1\u0391\u0393\u0393\u0395\u039b\u03a9\u039d\" data-thub_url=\"https:\/\/www.pindosnationalpark.gr\/wp-content\/uploads\/2015\/02\/\u0395\u03b9\u03ba\u03cc\u03bd\u03b1-224-150x140.jpg\" data-full_url=\"https:\/\/www.pindosnationalpark.gr\/wp-content\/uploads\/2015\/02\/\u0395\u03b9\u03ba\u03cc\u03bd\u03b1-224.jpg\" class=\"imageItemData\">\u0395\u03b9\u03ba\u03cc\u03bd\u03b1 224<\/div><\/div><\/div><\/div><\/span><\/p>\n<p>[vc_separator type=&#8217;full_width&#8216; position=&#8217;center&#8216; color=&#8217;#000000&#8242; thickness=&#8217;1&#8242; up=&#8217;20&#8216; down=&#8217;30&#8216;]<\/p>\n<p><strong>Informierungszentrum von Metsovo<\/strong><br \/>\ntel.- Fax: : 26560 42720<br \/>\ne-mail: <a href=\"mailto:kpmetsovo@gmail.com\">kpmetsovo@gmail.com<\/a><\/p>\n<p><span id=\"shortcode\" class=\"sk_defaultText\" data-postid=\"13555\"><div class=\"iGalWrapper\"><div><a href=\"#\" class=\"iGalBackBTN\" style=\"color: #2a2929;\">Back<\/a><\/div><div class=\"galleryPreloader\"><div><img decoding=\"async\" src=\"https:\/\/www.pindosnationalpark.gr\/wp-content\/plugins\/sk_igallery\/images\/white_preloader.gif\" alt=\"preloader\" \/><\/div><\/div><div class=\"iclear-fx\"><\/div><div data-show_groups_labesls=\"\" data-lightbox_colors=\"ec761a\" data-group_color=\"2a2929\" data-gap_one=\"50\" data-gap_two=\"10\" data-wdt=\"150\" data-hgt=\"130\" class=\"iGalleryContainer\"><div class=\"igalleryGroup\" data-groupName=\"\u039a\u03a0 \u039c\u0395\u03a4\u03a3\u039f\u0392\u039f\u03a5\"><div data-groupName=\"\u039a\u03a0 \u039c\u0395\u03a4\u03a3\u039f\u0392\u039f\u03a5\" data-thub_url=\"https:\/\/www.pindosnationalpark.gr\/wp-content\/uploads\/2015\/02\/\u039a\u03a0-\u039c\u03b5\u03c4\u03c3\u03cc\u03b2\u03bf\u03c51-150x130.jpg\" data-full_url=\"https:\/\/www.pindosnationalpark.gr\/wp-content\/uploads\/2015\/02\/\u039a\u03a0-\u039c\u03b5\u03c4\u03c3\u03cc\u03b2\u03bf\u03c51.jpg\" class=\"imageItemData\">OLYMPUS DIGITAL CAMERA<\/div><div data-groupName=\"\u039a\u03a0 \u039c\u0395\u03a4\u03a3\u039f\u0392\u039f\u03a5\" data-thub_url=\"https:\/\/www.pindosnationalpark.gr\/wp-content\/uploads\/2015\/02\/DSCN0402-150x130.jpg\" data-full_url=\"https:\/\/www.pindosnationalpark.gr\/wp-content\/uploads\/2015\/02\/DSCN0402.jpg\" class=\"imageItemData\">DSCN0402<\/div><div data-groupName=\"\u039a\u03a0 \u039c\u0395\u03a4\u03a3\u039f\u0392\u039f\u03a5\" data-thub_url=\"https:\/\/www.pindosnationalpark.gr\/wp-content\/uploads\/2015\/02\/PB020624-150x130.jpg\" data-full_url=\"https:\/\/www.pindosnationalpark.gr\/wp-content\/uploads\/2015\/02\/PB020624.jpg\" class=\"imageItemData\">OLYMPUS DIGITAL CAMERA<\/div><\/div><\/div><\/div><\/span><\/p>\n<p>[vc_separator type=&#8217;full_width&#8216; position=&#8217;center&#8216; color=&#8217;#000000&#8242; thickness=&#8217;1&#8242; up=&#8217;20&#8216; down=&#8217;30&#8216;]<\/p>\n<p><strong>Informierungszentrum von Mavran\u00ebi<\/strong><\/p>\n<p>tel.: 2462087563, Fax: 2462087564<br \/>\ne-mail: <a href=\"mailto:kpmavran@gmail.com\">kpmavran@gmail.com<\/a><\/p>\n<p><span id=\"shortcode\" class=\"sk_defaultText\" data-postid=\"13567\"><div class=\"iGalWrapper\"><div><a href=\"#\" class=\"iGalBackBTN\" style=\"color: #2a2929;\">\u03a0\u03af\u03c3\u03c9<\/a><\/div><div class=\"galleryPreloader\"><div><img decoding=\"async\" src=\"https:\/\/www.pindosnationalpark.gr\/wp-content\/plugins\/sk_igallery\/images\/white_preloader.gif\" alt=\"preloader\" \/><\/div><\/div><div class=\"iclear-fx\"><\/div><div data-show_groups_labesls=\"\" data-lightbox_colors=\"ec761a\" data-group_color=\"2a2929\" data-gap_one=\"20\" data-gap_two=\"20\" data-wdt=\"150\" data-hgt=\"140\" class=\"iGalleryContainer\"><div class=\"igalleryGroup\" data-groupName=\"Gallery group\"><div data-groupName=\"Gallery group\" data-thub_url=\"https:\/\/www.pindosnationalpark.gr\/wp-content\/uploads\/2015\/02\/DSC_0339-150x140.jpg\" data-full_url=\"https:\/\/www.pindosnationalpark.gr\/wp-content\/uploads\/2015\/02\/DSC_0339.jpg\" class=\"imageItemData\">DSC_0339<\/div><div data-groupName=\"Gallery group\" data-thub_url=\"https:\/\/www.pindosnationalpark.gr\/wp-content\/uploads\/2015\/02\/DSC_0389-150x140.jpg\" data-full_url=\"https:\/\/www.pindosnationalpark.gr\/wp-content\/uploads\/2015\/02\/DSC_0389.jpg\" class=\"imageItemData\">DSC_0389<\/div><div data-groupName=\"Gallery group\" data-thub_url=\"https:\/\/www.pindosnationalpark.gr\/wp-content\/uploads\/2015\/02\/DSC_0661-150x140.jpg\" data-full_url=\"https:\/\/www.pindosnationalpark.gr\/wp-content\/uploads\/2015\/02\/DSC_0661.jpg\" class=\"imageItemData\">DSC_0661<\/div><div data-groupName=\"Gallery group\" data-thub_url=\"https:\/\/www.pindosnationalpark.gr\/wp-content\/uploads\/2015\/02\/DSCN0987-150x140.jpg\" data-full_url=\"https:\/\/www.pindosnationalpark.gr\/wp-content\/uploads\/2015\/02\/DSCN0987.jpg\" class=\"imageItemData\">DSCN0987<\/div><div data-groupName=\"Gallery group\" data-thub_url=\"https:\/\/www.pindosnationalpark.gr\/wp-content\/uploads\/2015\/02\/DSCN0997-150x140.jpg\" data-full_url=\"https:\/\/www.pindosnationalpark.gr\/wp-content\/uploads\/2015\/02\/DSCN0997.jpg\" class=\"imageItemData\">DSCN0997<\/div><div data-groupName=\"Gallery group\" data-thub_url=\"https:\/\/www.pindosnationalpark.gr\/wp-content\/uploads\/2015\/02\/DSC_0273-150x140.jpg\" data-full_url=\"https:\/\/www.pindosnationalpark.gr\/wp-content\/uploads\/2015\/02\/DSC_0273.jpg\" class=\"imageItemData\">DSC_0273<\/div><\/div><\/div><\/div><\/span><\/p>\n<p>[vc_separator type=&#8217;full_width&#8216; position=&#8217;center&#8216; color=&#8217;#000000&#8242; thickness=&#8217;1&#8242; up=&#8217;20&#8216; down=&#8217;30&#8216;]<\/p>\n<p><strong>Informierungszentrum von Vovousa<\/strong><\/p>\n<p>tel.: 26560 22843, Fax: 2656022843<br \/>\ne-mail: <a href=\"mailto:kpvovoussas@gmail.com\">kpvovoussas@gmail.com<\/a><\/p>\n<p><span id=\"shortcode\" class=\"sk_defaultText\" data-postid=\"13574\"><div class=\"iGalWrapper\"><div><a href=\"#\" class=\"iGalBackBTN\" style=\"color: #2a2929;\">\u03a0\u03af\u03c3\u03c9<\/a><\/div><div class=\"galleryPreloader\"><div><img decoding=\"async\" src=\"https:\/\/www.pindosnationalpark.gr\/wp-content\/plugins\/sk_igallery\/images\/white_preloader.gif\" alt=\"preloader\" \/><\/div><\/div><div class=\"iclear-fx\"><\/div><div data-show_groups_labesls=\"\" data-lightbox_colors=\"ec761a\" data-group_color=\"2a2929\" data-gap_one=\"20\" data-gap_two=\"20\" data-wdt=\"150\" data-hgt=\"140\" class=\"iGalleryContainer\"><div class=\"igalleryGroup\" data-groupName=\"\u039a\u03a0 \u0392\u039f\u0392\u039f\u03a5\u03a3\u0391\u03a3\"><div data-groupName=\"\u039a\u03a0 \u0392\u039f\u0392\u039f\u03a5\u03a3\u0391\u03a3\" data-thub_url=\"https:\/\/www.pindosnationalpark.gr\/wp-content\/uploads\/2015\/02\/PB210636-150x140.jpg\" data-full_url=\"https:\/\/www.pindosnationalpark.gr\/wp-content\/uploads\/2015\/02\/PB210636.jpg\" class=\"imageItemData\">OLYMPUS DIGITAL CAMERA<\/div><div data-groupName=\"\u039a\u03a0 \u0392\u039f\u0392\u039f\u03a5\u03a3\u0391\u03a3\" data-thub_url=\"https:\/\/www.pindosnationalpark.gr\/wp-content\/uploads\/2015\/02\/PB210645-150x140.jpg\" data-full_url=\"https:\/\/www.pindosnationalpark.gr\/wp-content\/uploads\/2015\/02\/PB210645.jpg\" class=\"imageItemData\">OLYMPUS DIGITAL CAMERA<\/div><div data-groupName=\"\u039a\u03a0 \u0392\u039f\u0392\u039f\u03a5\u03a3\u0391\u03a3\" data-thub_url=\"https:\/\/www.pindosnationalpark.gr\/wp-content\/uploads\/2015\/02\/\u039a\u03a0-\u0392\u03bf\u03b2\u03bf\u03cd\u03c3\u03b1\u03c22-150x140.jpg\" data-full_url=\"https:\/\/www.pindosnationalpark.gr\/wp-content\/uploads\/2015\/02\/\u039a\u03a0-\u0392\u03bf\u03b2\u03bf\u03cd\u03c3\u03b1\u03c22.jpg\" class=\"imageItemData\">OLYMPUS DIGITAL CAMERA<\/div><div data-groupName=\"\u039a\u03a0 \u0392\u039f\u0392\u039f\u03a5\u03a3\u0391\u03a3\" data-thub_url=\"https:\/\/www.pindosnationalpark.gr\/wp-content\/uploads\/2015\/02\/PB210630-150x140.jpg\" data-full_url=\"https:\/\/www.pindosnationalpark.gr\/wp-content\/uploads\/2015\/02\/PB210630.jpg\" class=\"imageItemData\">OLYMPUS DIGITAL CAMERA<\/div><\/div><\/div><\/div><\/span><\/p>\n<p>[vc_separator type=&#8217;full_width&#8216; position=&#8217;center&#8216; color=&#8217;#000000&#8242; thickness=&#8217;1&#8242; up=&#8217;20&#8216; down=&#8217;30&#8216;]<\/p>\n<p><strong>Informierungszentrum von Papigkos<\/strong><\/p>\n<p>tel.: 26530 25096<br \/>\ne-mail: <a href=\"mailto:kppapigo@gmail.com\">kppapigo@gmail.com<\/a><\/p>\n<p><span id=\"shortcode\" class=\"sk_defaultText\" data-postid=\"13561\"><div class=\"iGalWrapper\"><div><a href=\"#\" class=\"iGalBackBTN\" style=\"color: #2a2929;\">\u03a0\u03af\u03c3\u03c9<\/a><\/div><div class=\"galleryPreloader\"><div><img decoding=\"async\" src=\"https:\/\/www.pindosnationalpark.gr\/wp-content\/plugins\/sk_igallery\/images\/white_preloader.gif\" alt=\"preloader\" \/><\/div><\/div><div class=\"iclear-fx\"><\/div><div data-show_groups_labesls=\"\" data-lightbox_colors=\"ec761a\" data-group_color=\"2a2929\" data-gap_one=\"20\" data-gap_two=\"20\" data-wdt=\"150\" data-hgt=\"140\" class=\"iGalleryContainer\"><div class=\"igalleryGroup\" data-groupName=\"\u039a\u03a0 \u03a0\u0391\u03a0\u0399\u0393\u039a\u039f\u03a5\"><div data-groupName=\"\u039a\u03a0 \u03a0\u0391\u03a0\u0399\u0393\u039a\u039f\u03a5\" data-thub_url=\"https:\/\/www.pindosnationalpark.gr\/wp-content\/uploads\/2015\/02\/Photo-0077-150x140.jpg\" data-full_url=\"https:\/\/www.pindosnationalpark.gr\/wp-content\/uploads\/2015\/02\/Photo-0077.jpg\" class=\"imageItemData\">Photo-0077<\/div><div data-groupName=\"\u039a\u03a0 \u03a0\u0391\u03a0\u0399\u0393\u039a\u039f\u03a5\" data-thub_url=\"https:\/\/www.pindosnationalpark.gr\/wp-content\/uploads\/2015\/02\/DSCN1520-150x140.jpg\" data-full_url=\"https:\/\/www.pindosnationalpark.gr\/wp-content\/uploads\/2015\/02\/DSCN1520.jpg\" class=\"imageItemData\">DSCN1520<\/div><div data-groupName=\"\u039a\u03a0 \u03a0\u0391\u03a0\u0399\u0393\u039a\u039f\u03a5\" data-thub_url=\"https:\/\/www.pindosnationalpark.gr\/wp-content\/uploads\/2015\/02\/Photo-0069-150x140.jpg\" data-full_url=\"https:\/\/www.pindosnationalpark.gr\/wp-content\/uploads\/2015\/02\/Photo-0069.jpg\" class=\"imageItemData\">Photo-0069<\/div><\/div><\/div><\/div><\/span><\/p>\n<p>&nbsp;<\/p>\n<p><img decoding=\"async\" src=\"http:\/\/pindosnationalpark.gr\/wp-content\/uploads\/2013\/10\/map.png\" alt=\"\" width=\"670\" \/><\/p>\n<p>&nbsp;<\/p>\n","protected":false},"excerpt":{"rendered":"<p>Ziel des Betriebs der Informierungszentren ist die Einweihung der Besucher in wichtigen, \u00f6kologischen und kulturellen Merkmalen der gesch\u00fctzten Region von Nord Pindos, sowie ihre Sensibilisierung gegen\u00fcber der nat\u00fcrlichen und anthropogenen Umwelt. In ihren R\u00e4umen werden Exponate ausgestellt und Filme \u00fcber die nat\u00fcrliche Sch\u00f6nheit des Nationalparks,&#8230;<\/p>\n","protected":false},"author":8014,"featured_media":0,"parent":0,"menu_order":0,"comment_status":"open","ping_status":"open","template":"","meta":{"footnotes":""},"class_list":["post-13835","page","type-page","status-publish","hentry"],"_links":{"self":[{"href":"https:\/\/www.pindosnationalpark.gr\/de\/wp-json\/wp\/v2\/pages\/13835","targetHints":{"allow":["GET"]}}],"collection":[{"href":"https:\/\/www.pindosnationalpark.gr\/de\/wp-json\/wp\/v2\/pages"}],"about":[{"href":"https:\/\/www.pindosnationalpark.gr\/de\/wp-json\/wp\/v2\/types\/page"}],"author":[{"embeddable":true,"href":"https:\/\/www.pindosnationalpark.gr\/de\/wp-json\/wp\/v2\/users\/8014"}],"replies":[{"embeddable":true,"href":"https:\/\/www.pindosnationalpark.gr\/de\/wp-json\/wp\/v2\/comments?post=13835"}],"version-history":[{"count":0,"href":"https:\/\/www.pindosnationalpark.gr\/de\/wp-json\/wp\/v2\/pages\/13835\/revisions"}],"wp:attachment":[{"href":"https:\/\/www.pindosnationalpark.gr\/de\/wp-json\/wp\/v2\/media?parent=13835"}],"curies":[{"name":"wp","href":"https:\/\/api.w.org\/{rel}","templated":true}]}}