{"id":14151,"date":"2015-06-24T13:32:40","date_gmt":"2015-06-24T11:32:40","guid":{"rendered":"http:\/\/pindosnationalpark.gr\/?page_id=14151"},"modified":"2016-11-18T10:48:41","modified_gmt":"2016-11-18T08:48:41","slug":"rundreise-durch-den-park-fahren","status":"publish","type":"page","link":"https:\/\/www.pindosnationalpark.gr\/de\/erlaubte-aktivitaten\/rundreise-durch-den-park-fahren\/","title":{"rendered":"Rundreise \u2013 Durch Den Park Fahren"},"content":{"rendered":"<p>Rundreisen mit Fahrzeugen sind im gesamten offiziell anerkannten Stra\u00dfennetz erlaubt au\u00dfer in Orten, an denen es entsprechende Verbotsschilder gibt. Alle D\u00f6rfer und Kleinst\u00e4dte des Nationalparks k\u00f6nnen \u00fcber Asphaltstra\u00dfen erreicht werden. In einigen F\u00e4llen kann es dabei vorkommen, dass l\u00e4ngere Busse (Reisebusse) in Schwierigkeit geraten, an einigen D\u00f6rfern oder Orten anzukommen. Folgen Sie bitte dem vorhandenen Stra\u00dfennetz und vermeiden Sie die hohe Geschwindigkeit, da Sie jederzeit auf der Stra\u00dfe au\u00dfer Menschen auch eine Herde von Nutztieren oder seltener ein Wildtier antreffen k\u00f6nnen. In einen Feldweg gehen Sie bitte nur, wenn Ihr Wagen \u00fcber die daf\u00fcr entsprechenden Vorschriften verf\u00fcgt. Sorgen Sie bitte daf\u00fcr, im Winter immer Schneeketten dabei zu haben und achten Sie bitte sehr auf Eis.<\/p>\n<p>&nbsp;<\/p>\n\n<table id=\"tablepress-8\" class=\"tablepress tablepress-id-8\">\n<thead>\n<tr class=\"row-1\">\n\t<th class=\"column-1\">ERLAUBTE AKTIVIT\u00c4TEN<\/th><td class=\"column-2\"><\/td>\n<\/tr>\n<\/thead>\n<tbody class=\"row-striping row-hover\">\n<tr class=\"row-2\">\n\t<td class=\"column-1\"><a href=\"http:\/\/pindosnationalpark.gr\/de\/erlaubte-aktivitaten\/rundreise-durch-den-park-fahren\/\">Rundreise \u2013 Durch Den Park Fahren<\/a><\/td><td class=\"column-2\"><a href=\"http:\/\/pindosnationalpark.gr\/de\/erlaubte-aktivitaten\/fischen-in-den-flussen\/\">Fischen in den Fl\u00fcssen<\/a><\/td>\n<\/tr>\n<tr class=\"row-3\">\n\t<td class=\"column-1\"><a href=\"http:\/\/pindosnationalpark.gr\/de\/erlaubte-aktivitaten\/wandern-trekking\/\">Wandern-Trekking<\/a><\/td><td class=\"column-2\"><a href=\"http:\/\/pindosnationalpark.gr\/de\/erlaubte-aktivitaten\/pilze-sammeln\/\">Pilze Sammeln<\/a><\/td>\n<\/tr>\n<tr class=\"row-4\">\n\t<td class=\"column-1\"><a href=\"http:\/\/pindosnationalpark.gr\/de\/erlaubte-aktivitaten\/wassersport-rafting-kajak\/\">Wassersport (Rafting, Kajak u.a.)<\/a><\/td><td class=\"column-2\"><a href=\"http:\/\/pindosnationalpark.gr\/de\/erlaubte-aktivitaten\/zelten-parken-von-wohnmobilen\/\">Zelten \u2013 Parken von Wohnmobilen<\/a><\/td>\n<\/tr>\n<tr class=\"row-5\">\n\t<td class=\"column-1\"><a href=\"http:\/\/pindosnationalpark.gr\/de\/erlaubte-aktivitaten\/klettern\/\">Klettern<\/a><\/td><td class=\"column-2\"><a href=\"http:\/\/pindosnationalpark.gr\/de\/erlaubte-aktivitaten\/lagerfeuer\/\">Lagerfeuer<\/a><\/td>\n<\/tr>\n<tr class=\"row-6\">\n\t<td class=\"column-1\"><a href=\"http:\/\/pindosnationalpark.gr\/de\/erlaubte-aktivitaten\/bilder-aufnehmen\/\">Bilder Aufnehmen<\/a><\/td><td class=\"column-2\"><a href=\"http:\/\/pindosnationalpark.gr\/de\/erlaubte-aktivitaten\/skifahren\/\">Skifahren<\/a><\/td>\n<\/tr>\n<tr class=\"row-7\">\n\t<td class=\"column-1\"><a href=\"http:\/\/pindosnationalpark.gr\/de\/erlaubte-aktivitaten\/schwimmen\/\">Schwimmen<\/a><\/td><td class=\"column-2\"><a href=\"http:\/\/pindosnationalpark.gr\/de\/erlaubte-aktivitaten\/krauter-und-blumenpflucken\/\">Kr\u00e4uter und Blumenpfl\u00fccken<\/a><\/td>\n<\/tr>\n<tr class=\"row-8\">\n\t<td class=\"column-1\"><a href=\"http:\/\/pindosnationalpark.gr\/de\/erlaubte-aktivitaten\/jagen\/\">Jagen<\/a><\/td><td class=\"column-2\"><\/td>\n<\/tr>\n<\/tbody>\n<\/table>\n<!-- #tablepress-8 from cache -->\n","protected":false},"excerpt":{"rendered":"<p>Rundreisen mit Fahrzeugen sind im gesamten offiziell anerkannten Stra\u00dfennetz erlaubt au\u00dfer in Orten, an denen es entsprechende Verbotsschilder gibt. Alle D\u00f6rfer und Kleinst\u00e4dte des Nationalparks k\u00f6nnen \u00fcber Asphaltstra\u00dfen erreicht werden. In einigen F\u00e4llen kann es dabei vorkommen, dass l\u00e4ngere Busse (Reisebusse) in Schwierigkeit geraten, an&#8230;<\/p>\n","protected":false},"author":8014,"featured_media":0,"parent":14201,"menu_order":0,"comment_status":"open","ping_status":"open","template":"","meta":{"footnotes":""},"class_list":["post-14151","page","type-page","status-publish","hentry"],"_links":{"self":[{"href":"https:\/\/www.pindosnationalpark.gr\/de\/wp-json\/wp\/v2\/pages\/14151","targetHints":{"allow":["GET"]}}],"collection":[{"href":"https:\/\/www.pindosnationalpark.gr\/de\/wp-json\/wp\/v2\/pages"}],"about":[{"href":"https:\/\/www.pindosnationalpark.gr\/de\/wp-json\/wp\/v2\/types\/page"}],"author":[{"embeddable":true,"href":"https:\/\/www.pindosnationalpark.gr\/de\/wp-json\/wp\/v2\/users\/8014"}],"replies":[{"embeddable":true,"href":"https:\/\/www.pindosnationalpark.gr\/de\/wp-json\/wp\/v2\/comments?post=14151"}],"version-history":[{"count":0,"href":"https:\/\/www.pindosnationalpark.gr\/de\/wp-json\/wp\/v2\/pages\/14151\/revisions"}],"up":[{"embeddable":true,"href":"https:\/\/www.pindosnationalpark.gr\/de\/wp-json\/wp\/v2\/pages\/14201"}],"wp:attachment":[{"href":"https:\/\/www.pindosnationalpark.gr\/de\/wp-json\/wp\/v2\/media?parent=14151"}],"curies":[{"name":"wp","href":"https:\/\/api.w.org\/{rel}","templated":true}]}}