{"id":14152,"date":"2015-06-24T14:04:00","date_gmt":"2015-06-24T12:04:00","guid":{"rendered":"http:\/\/pindosnationalpark.gr\/?page_id=14152"},"modified":"2016-11-18T10:49:02","modified_gmt":"2016-11-18T08:49:02","slug":"wandern-trekking","status":"publish","type":"page","link":"https:\/\/www.pindosnationalpark.gr\/de\/erlaubte-aktivitaten\/wandern-trekking\/","title":{"rendered":"Wandern-Trekking"},"content":{"rendered":"<p>Es bestehen keine r\u00e4umlichen oder zeitlichen Beschr\u00e4nkungen, was das Wandern bzw. das Trekking betrifft. Sie sollten allerdings wissen, dass in Hinsicht auf den Verkehr nach Sonnenuntergang in den Naturschutzgebieten (Zone I) und w\u00e4hrend der Zeit des Feuerschutzes eventuell einige weitere Verbote gelten k\u00f6nnen, die Ihren Aufenthalt im Waldgebiet betreffen. Empfohlen wird, sich in den bereits vorhandenen Wanderwegen aufzuhalten und dabei zu vermeiden wilde Tiere, Herden oder Hirtenhunde anzun\u00e4hern. Achten Sie bitte darauf, die eigenen Kr\u00e4fte nicht zu \u00fcbersch\u00e4tzen. Sollten Sie sich \u00fcber Ihre F\u00e4higkeiten nicht sicher sein, sorgen Sie bitte daf\u00fcr, dass Sie von einem erfahrenen Begleiter\/Bergf\u00fchrer begleitet werden und besorgen Sie sich Prospekte zu den Wander- und Trekkingstrecken vom Informationszentrum.<br \/>\nSorgen Sie bitte daf\u00fcr, stets gut ausger\u00fcstet zu sein (mit Rucksack, Hut, Regenmantel, M\u00fctze, Wasser, Essen usw.) und tragen Sie geeignete Schuhe. Sollten Sie keine Erfahrung haben, entfernen Sie sich bitte nicht von den ausgeschilderten Wanderwegen und sorgen Sie daf\u00fcr, dass Sie immer eine Karte dabei haben. Sollte ein Wanderweg, den Sie gew\u00e4hlt haben, Ihren Erwartungen nicht entsprechen (dichte Vegetation, schlechte Ausschilderung, schwer zu laufende Stellen usw.), kehren Sie bitte zur\u00fcck. Manchmal entsprechen die Informationen, die gegeben werden, in Hinsicht auf den wirklichen Zustand einiger Wanderwege nicht der Realit\u00e4t. Lassen Sie sich von den Verantwortlichen Mitarbeitern im Informationszentrum des Nationalparks beraten, um den entsprechenden Wanderweg f\u00fcr Sie und Ihre Gesellschaft w\u00e4hlen zu k\u00f6nnen.<\/p>\n<p>&nbsp;<\/p>\n\n<table id=\"tablepress-8\" class=\"tablepress tablepress-id-8\">\n<thead>\n<tr class=\"row-1\">\n\t<th class=\"column-1\">ERLAUBTE AKTIVIT\u00c4TEN<\/th><td class=\"column-2\"><\/td>\n<\/tr>\n<\/thead>\n<tbody class=\"row-striping row-hover\">\n<tr class=\"row-2\">\n\t<td class=\"column-1\"><a href=\"http:\/\/pindosnationalpark.gr\/de\/erlaubte-aktivitaten\/rundreise-durch-den-park-fahren\/\">Rundreise \u2013 Durch Den Park Fahren<\/a><\/td><td class=\"column-2\"><a href=\"http:\/\/pindosnationalpark.gr\/de\/erlaubte-aktivitaten\/fischen-in-den-flussen\/\">Fischen in den Fl\u00fcssen<\/a><\/td>\n<\/tr>\n<tr class=\"row-3\">\n\t<td class=\"column-1\"><a href=\"http:\/\/pindosnationalpark.gr\/de\/erlaubte-aktivitaten\/wandern-trekking\/\">Wandern-Trekking<\/a><\/td><td class=\"column-2\"><a href=\"http:\/\/pindosnationalpark.gr\/de\/erlaubte-aktivitaten\/pilze-sammeln\/\">Pilze Sammeln<\/a><\/td>\n<\/tr>\n<tr class=\"row-4\">\n\t<td class=\"column-1\"><a href=\"http:\/\/pindosnationalpark.gr\/de\/erlaubte-aktivitaten\/wassersport-rafting-kajak\/\">Wassersport (Rafting, Kajak u.a.)<\/a><\/td><td class=\"column-2\"><a href=\"http:\/\/pindosnationalpark.gr\/de\/erlaubte-aktivitaten\/zelten-parken-von-wohnmobilen\/\">Zelten \u2013 Parken von Wohnmobilen<\/a><\/td>\n<\/tr>\n<tr class=\"row-5\">\n\t<td class=\"column-1\"><a href=\"http:\/\/pindosnationalpark.gr\/de\/erlaubte-aktivitaten\/klettern\/\">Klettern<\/a><\/td><td class=\"column-2\"><a href=\"http:\/\/pindosnationalpark.gr\/de\/erlaubte-aktivitaten\/lagerfeuer\/\">Lagerfeuer<\/a><\/td>\n<\/tr>\n<tr class=\"row-6\">\n\t<td class=\"column-1\"><a href=\"http:\/\/pindosnationalpark.gr\/de\/erlaubte-aktivitaten\/bilder-aufnehmen\/\">Bilder Aufnehmen<\/a><\/td><td class=\"column-2\"><a href=\"http:\/\/pindosnationalpark.gr\/de\/erlaubte-aktivitaten\/skifahren\/\">Skifahren<\/a><\/td>\n<\/tr>\n<tr class=\"row-7\">\n\t<td class=\"column-1\"><a href=\"http:\/\/pindosnationalpark.gr\/de\/erlaubte-aktivitaten\/schwimmen\/\">Schwimmen<\/a><\/td><td class=\"column-2\"><a href=\"http:\/\/pindosnationalpark.gr\/de\/erlaubte-aktivitaten\/krauter-und-blumenpflucken\/\">Kr\u00e4uter und Blumenpfl\u00fccken<\/a><\/td>\n<\/tr>\n<tr class=\"row-8\">\n\t<td class=\"column-1\"><a href=\"http:\/\/pindosnationalpark.gr\/de\/erlaubte-aktivitaten\/jagen\/\">Jagen<\/a><\/td><td class=\"column-2\"><\/td>\n<\/tr>\n<\/tbody>\n<\/table>\n<!-- #tablepress-8 from cache -->\n","protected":false},"excerpt":{"rendered":"<p>Es bestehen keine r\u00e4umlichen oder zeitlichen Beschr\u00e4nkungen, was das Wandern bzw. das Trekking betrifft. Sie sollten allerdings wissen, dass in Hinsicht auf den Verkehr nach Sonnenuntergang in den Naturschutzgebieten (Zone I) und w\u00e4hrend der Zeit des Feuerschutzes eventuell einige weitere Verbote gelten k\u00f6nnen, die Ihren&#8230;<\/p>\n","protected":false},"author":8014,"featured_media":0,"parent":14201,"menu_order":0,"comment_status":"open","ping_status":"open","template":"","meta":{"footnotes":""},"class_list":["post-14152","page","type-page","status-publish","hentry"],"_links":{"self":[{"href":"https:\/\/www.pindosnationalpark.gr\/de\/wp-json\/wp\/v2\/pages\/14152","targetHints":{"allow":["GET"]}}],"collection":[{"href":"https:\/\/www.pindosnationalpark.gr\/de\/wp-json\/wp\/v2\/pages"}],"about":[{"href":"https:\/\/www.pindosnationalpark.gr\/de\/wp-json\/wp\/v2\/types\/page"}],"author":[{"embeddable":true,"href":"https:\/\/www.pindosnationalpark.gr\/de\/wp-json\/wp\/v2\/users\/8014"}],"replies":[{"embeddable":true,"href":"https:\/\/www.pindosnationalpark.gr\/de\/wp-json\/wp\/v2\/comments?post=14152"}],"version-history":[{"count":0,"href":"https:\/\/www.pindosnationalpark.gr\/de\/wp-json\/wp\/v2\/pages\/14152\/revisions"}],"up":[{"embeddable":true,"href":"https:\/\/www.pindosnationalpark.gr\/de\/wp-json\/wp\/v2\/pages\/14201"}],"wp:attachment":[{"href":"https:\/\/www.pindosnationalpark.gr\/de\/wp-json\/wp\/v2\/media?parent=14152"}],"curies":[{"name":"wp","href":"https:\/\/api.w.org\/{rel}","templated":true}]}}