{"id":14164,"date":"2015-06-24T13:35:58","date_gmt":"2015-06-24T11:35:58","guid":{"rendered":"http:\/\/pindosnationalpark.gr\/?page_id=14164"},"modified":"2016-11-18T10:50:16","modified_gmt":"2016-11-18T08:50:16","slug":"jagen","status":"publish","type":"page","link":"https:\/\/www.pindosnationalpark.gr\/de\/erlaubte-aktivitaten\/jagen\/","title":{"rendered":"Jagen"},"content":{"rendered":"<p>Das Jagen ist innerhalb des Parks ausschlie\u00dflich in denjenigen Gebieten erlaubt, die sich au\u00dferhalb der benannten Naturschutzzonen befinden, als auch in den Zufluchtsorten f\u00fcr Wildtiere und den Gebieten, in denen das Jagen vor\u00fcbergehend verboten ist. Lassen Sie sich rechtzeitig \u00fcber die Grenzen der obengenannten Gebiete vom Verwaltungstr\u00e4ger f\u00fcr den Nationalpark, der Forstbeh\u00f6rde (Forst\u00e4mter in: Ioannina, Konitsa, Metsovo, Forstdirektionen in: Ioannina, Grevena) als auch von den J\u00e4gervereinen und J\u00e4gerclubs informieren. Die Arten, die gejagt werden k\u00f6nnen als auch die weiteren Durchf\u00fchrungsbedingungen des Jagens in denjenigen Gebieten des Nationalparks, in denen diese Aktivit\u00e4t erlaubt ist, werden von den allgemeinen Regeln laut der j\u00e4hrlich regelnden Ministerialverordnung des Ministeriums f\u00fcr Umwelt, Energie und Klimawandel bestimmt. Sorgen Sie bitte daf\u00fcr, informiert zu sein und alle Regelungen und Beschr\u00e4nkungen, die mit dem Jagen zu tun haben und zwar sowohl allgemein als auch in lokaler Ebene, zu ber\u00fccksichtigen. Achten Sie bitte \u2013besonders falls Sie an einer Gruppenjagd teilnehmen \u2013auf die anderen Teilnehmer als auch auf ahnungslose Besucher oder Einwohner des Nationalparks, welche normalerweise den Wanderwegen folgen und eventuell Ihre Anwesenheit nicht wahrnehmen. Vermeiden Sie bitte den Eingang mit Fahrzeugen in wichtige Biotope des Nationalparks als auch in deren weiteren Zonen. Vergessen Sie bitte -unter anderem- nicht, dass das Jagen der G\u00e4msen, der Rehe, der B\u00e4ren, der Spechte als auch der Raubv\u00f6gel untersagt ist. Der Handel von Tieren, die gejagt werden, ist verboten.<\/p>\n<p>&nbsp;<\/p>\n\n<table id=\"tablepress-8\" class=\"tablepress tablepress-id-8\">\n<thead>\n<tr class=\"row-1\">\n\t<th class=\"column-1\">ERLAUBTE AKTIVIT\u00c4TEN<\/th><td class=\"column-2\"><\/td>\n<\/tr>\n<\/thead>\n<tbody class=\"row-striping row-hover\">\n<tr class=\"row-2\">\n\t<td class=\"column-1\"><a href=\"http:\/\/pindosnationalpark.gr\/de\/erlaubte-aktivitaten\/rundreise-durch-den-park-fahren\/\">Rundreise \u2013 Durch Den Park Fahren<\/a><\/td><td class=\"column-2\"><a href=\"http:\/\/pindosnationalpark.gr\/de\/erlaubte-aktivitaten\/fischen-in-den-flussen\/\">Fischen in den Fl\u00fcssen<\/a><\/td>\n<\/tr>\n<tr class=\"row-3\">\n\t<td class=\"column-1\"><a href=\"http:\/\/pindosnationalpark.gr\/de\/erlaubte-aktivitaten\/wandern-trekking\/\">Wandern-Trekking<\/a><\/td><td class=\"column-2\"><a href=\"http:\/\/pindosnationalpark.gr\/de\/erlaubte-aktivitaten\/pilze-sammeln\/\">Pilze Sammeln<\/a><\/td>\n<\/tr>\n<tr class=\"row-4\">\n\t<td class=\"column-1\"><a href=\"http:\/\/pindosnationalpark.gr\/de\/erlaubte-aktivitaten\/wassersport-rafting-kajak\/\">Wassersport (Rafting, Kajak u.a.)<\/a><\/td><td class=\"column-2\"><a href=\"http:\/\/pindosnationalpark.gr\/de\/erlaubte-aktivitaten\/zelten-parken-von-wohnmobilen\/\">Zelten \u2013 Parken von Wohnmobilen<\/a><\/td>\n<\/tr>\n<tr class=\"row-5\">\n\t<td class=\"column-1\"><a href=\"http:\/\/pindosnationalpark.gr\/de\/erlaubte-aktivitaten\/klettern\/\">Klettern<\/a><\/td><td class=\"column-2\"><a href=\"http:\/\/pindosnationalpark.gr\/de\/erlaubte-aktivitaten\/lagerfeuer\/\">Lagerfeuer<\/a><\/td>\n<\/tr>\n<tr class=\"row-6\">\n\t<td class=\"column-1\"><a href=\"http:\/\/pindosnationalpark.gr\/de\/erlaubte-aktivitaten\/bilder-aufnehmen\/\">Bilder Aufnehmen<\/a><\/td><td class=\"column-2\"><a href=\"http:\/\/pindosnationalpark.gr\/de\/erlaubte-aktivitaten\/skifahren\/\">Skifahren<\/a><\/td>\n<\/tr>\n<tr class=\"row-7\">\n\t<td class=\"column-1\"><a href=\"http:\/\/pindosnationalpark.gr\/de\/erlaubte-aktivitaten\/schwimmen\/\">Schwimmen<\/a><\/td><td class=\"column-2\"><a href=\"http:\/\/pindosnationalpark.gr\/de\/erlaubte-aktivitaten\/krauter-und-blumenpflucken\/\">Kr\u00e4uter und Blumenpfl\u00fccken<\/a><\/td>\n<\/tr>\n<tr class=\"row-8\">\n\t<td class=\"column-1\"><a href=\"http:\/\/pindosnationalpark.gr\/de\/erlaubte-aktivitaten\/jagen\/\">Jagen<\/a><\/td><td class=\"column-2\"><\/td>\n<\/tr>\n<\/tbody>\n<\/table>\n<!-- #tablepress-8 from cache -->\n","protected":false},"excerpt":{"rendered":"<p>Das Jagen ist innerhalb des Parks ausschlie\u00dflich in denjenigen Gebieten erlaubt, die sich au\u00dferhalb der benannten Naturschutzzonen befinden, als auch in den Zufluchtsorten f\u00fcr Wildtiere und den Gebieten, in denen das Jagen vor\u00fcbergehend verboten ist. Lassen Sie sich rechtzeitig \u00fcber die Grenzen der obengenannten Gebiete&#8230;<\/p>\n","protected":false},"author":8014,"featured_media":0,"parent":14201,"menu_order":0,"comment_status":"open","ping_status":"open","template":"","meta":{"footnotes":""},"class_list":["post-14164","page","type-page","status-publish","hentry"],"_links":{"self":[{"href":"https:\/\/www.pindosnationalpark.gr\/de\/wp-json\/wp\/v2\/pages\/14164","targetHints":{"allow":["GET"]}}],"collection":[{"href":"https:\/\/www.pindosnationalpark.gr\/de\/wp-json\/wp\/v2\/pages"}],"about":[{"href":"https:\/\/www.pindosnationalpark.gr\/de\/wp-json\/wp\/v2\/types\/page"}],"author":[{"embeddable":true,"href":"https:\/\/www.pindosnationalpark.gr\/de\/wp-json\/wp\/v2\/users\/8014"}],"replies":[{"embeddable":true,"href":"https:\/\/www.pindosnationalpark.gr\/de\/wp-json\/wp\/v2\/comments?post=14164"}],"version-history":[{"count":0,"href":"https:\/\/www.pindosnationalpark.gr\/de\/wp-json\/wp\/v2\/pages\/14164\/revisions"}],"up":[{"embeddable":true,"href":"https:\/\/www.pindosnationalpark.gr\/de\/wp-json\/wp\/v2\/pages\/14201"}],"wp:attachment":[{"href":"https:\/\/www.pindosnationalpark.gr\/de\/wp-json\/wp\/v2\/media?parent=14164"}],"curies":[{"name":"wp","href":"https:\/\/api.w.org\/{rel}","templated":true}]}}