{"id":14168,"date":"2015-06-24T13:48:37","date_gmt":"2015-06-24T11:48:37","guid":{"rendered":"http:\/\/pindosnationalpark.gr\/?page_id=14168"},"modified":"2016-11-18T10:51:59","modified_gmt":"2016-11-18T08:51:59","slug":"fischen-in-den-flussen","status":"publish","type":"page","link":"https:\/\/www.pindosnationalpark.gr\/de\/erlaubte-aktivitaten\/fischen-in-den-flussen\/","title":{"rendered":"Fischen in den Fl\u00fcssen"},"content":{"rendered":"<p>Das Fischen ist im Allgemeinen in den Fl\u00fcssen des Nationalparks erlaubt. Es ist nicht innerhalb der Naturschutzzonen (Zone I) erlaubt, d.h. im Fluss Voidomatis von der Br\u00fccke in Klidonia bis zu den Quellen, in der Schlucht des Flusses Aoos als auch in Arkoudorema und in Valia Calda. Es kann vorkommen, dass das Fischen je nach Jahreszeit auch in weiteren Gebieten verboten wird. Dort, wo es erlaubt ist, gelten die allgemeinen Regelungen und Durchf\u00fchrungsbestimmungen der Amateurfischerei. Das Fischen ist im Zeitraum vom 16. Februar bis zum 31. Oktober erlaubt, es kann allerdings vorkommen, dass es ein zus\u00e4tzliches Verbot im Zeitraum zwischen dem 15. April und dem 30. Juni gibt (Zeitraum des Laichens f\u00fcr bestimmte Fischarten). Insbesondere was die Forelle betrifft, so ist das Fischen nur derjenigen Fische erlaubt, die \u00fcber 22cm gro\u00df sind. Des Weiteren d\u00fcrfen t\u00e4glich Fische mit Gesamtgewicht bis zu 2 kg oder nur 3 St\u00fcck (unabh\u00e4ngig vom Gewicht) gefangen werden. Die einzige erlaubte Fischmethode ist die Angel und selbstverst\u00e4ndlich ist der Gebrauch von Netzen jederart, von Harpunen als auch von anderen Materialien oder Methoden au\u00dfer der Angel-Angelschnur-Forellenangel untersagt. Der Handel von gefangenen Fischen ist nicht erlaubt.<\/p>\n<p>&nbsp;<\/p>\n\n<table id=\"tablepress-8\" class=\"tablepress tablepress-id-8\">\n<thead>\n<tr class=\"row-1\">\n\t<th class=\"column-1\">ERLAUBTE AKTIVIT\u00c4TEN<\/th><td class=\"column-2\"><\/td>\n<\/tr>\n<\/thead>\n<tbody class=\"row-striping row-hover\">\n<tr class=\"row-2\">\n\t<td class=\"column-1\"><a href=\"http:\/\/pindosnationalpark.gr\/de\/erlaubte-aktivitaten\/rundreise-durch-den-park-fahren\/\">Rundreise \u2013 Durch Den Park Fahren<\/a><\/td><td class=\"column-2\"><a href=\"http:\/\/pindosnationalpark.gr\/de\/erlaubte-aktivitaten\/fischen-in-den-flussen\/\">Fischen in den Fl\u00fcssen<\/a><\/td>\n<\/tr>\n<tr class=\"row-3\">\n\t<td class=\"column-1\"><a href=\"http:\/\/pindosnationalpark.gr\/de\/erlaubte-aktivitaten\/wandern-trekking\/\">Wandern-Trekking<\/a><\/td><td class=\"column-2\"><a href=\"http:\/\/pindosnationalpark.gr\/de\/erlaubte-aktivitaten\/pilze-sammeln\/\">Pilze Sammeln<\/a><\/td>\n<\/tr>\n<tr class=\"row-4\">\n\t<td class=\"column-1\"><a href=\"http:\/\/pindosnationalpark.gr\/de\/erlaubte-aktivitaten\/wassersport-rafting-kajak\/\">Wassersport (Rafting, Kajak u.a.)<\/a><\/td><td class=\"column-2\"><a href=\"http:\/\/pindosnationalpark.gr\/de\/erlaubte-aktivitaten\/zelten-parken-von-wohnmobilen\/\">Zelten \u2013 Parken von Wohnmobilen<\/a><\/td>\n<\/tr>\n<tr class=\"row-5\">\n\t<td class=\"column-1\"><a href=\"http:\/\/pindosnationalpark.gr\/de\/erlaubte-aktivitaten\/klettern\/\">Klettern<\/a><\/td><td class=\"column-2\"><a href=\"http:\/\/pindosnationalpark.gr\/de\/erlaubte-aktivitaten\/lagerfeuer\/\">Lagerfeuer<\/a><\/td>\n<\/tr>\n<tr class=\"row-6\">\n\t<td class=\"column-1\"><a href=\"http:\/\/pindosnationalpark.gr\/de\/erlaubte-aktivitaten\/bilder-aufnehmen\/\">Bilder Aufnehmen<\/a><\/td><td class=\"column-2\"><a href=\"http:\/\/pindosnationalpark.gr\/de\/erlaubte-aktivitaten\/skifahren\/\">Skifahren<\/a><\/td>\n<\/tr>\n<tr class=\"row-7\">\n\t<td class=\"column-1\"><a href=\"http:\/\/pindosnationalpark.gr\/de\/erlaubte-aktivitaten\/schwimmen\/\">Schwimmen<\/a><\/td><td class=\"column-2\"><a href=\"http:\/\/pindosnationalpark.gr\/de\/erlaubte-aktivitaten\/krauter-und-blumenpflucken\/\">Kr\u00e4uter und Blumenpfl\u00fccken<\/a><\/td>\n<\/tr>\n<tr class=\"row-8\">\n\t<td class=\"column-1\"><a href=\"http:\/\/pindosnationalpark.gr\/de\/erlaubte-aktivitaten\/jagen\/\">Jagen<\/a><\/td><td class=\"column-2\"><\/td>\n<\/tr>\n<\/tbody>\n<\/table>\n<!-- #tablepress-8 from cache -->\n","protected":false},"excerpt":{"rendered":"<p>Das Fischen ist im Allgemeinen in den Fl\u00fcssen des Nationalparks erlaubt. Es ist nicht innerhalb der Naturschutzzonen (Zone I) erlaubt, d.h. im Fluss Voidomatis von der Br\u00fccke in Klidonia bis zu den Quellen, in der Schlucht des Flusses Aoos als auch in Arkoudorema und in&#8230;<\/p>\n","protected":false},"author":8014,"featured_media":0,"parent":14201,"menu_order":0,"comment_status":"open","ping_status":"open","template":"","meta":{"footnotes":""},"class_list":["post-14168","page","type-page","status-publish","hentry"],"_links":{"self":[{"href":"https:\/\/www.pindosnationalpark.gr\/de\/wp-json\/wp\/v2\/pages\/14168","targetHints":{"allow":["GET"]}}],"collection":[{"href":"https:\/\/www.pindosnationalpark.gr\/de\/wp-json\/wp\/v2\/pages"}],"about":[{"href":"https:\/\/www.pindosnationalpark.gr\/de\/wp-json\/wp\/v2\/types\/page"}],"author":[{"embeddable":true,"href":"https:\/\/www.pindosnationalpark.gr\/de\/wp-json\/wp\/v2\/users\/8014"}],"replies":[{"embeddable":true,"href":"https:\/\/www.pindosnationalpark.gr\/de\/wp-json\/wp\/v2\/comments?post=14168"}],"version-history":[{"count":0,"href":"https:\/\/www.pindosnationalpark.gr\/de\/wp-json\/wp\/v2\/pages\/14168\/revisions"}],"up":[{"embeddable":true,"href":"https:\/\/www.pindosnationalpark.gr\/de\/wp-json\/wp\/v2\/pages\/14201"}],"wp:attachment":[{"href":"https:\/\/www.pindosnationalpark.gr\/de\/wp-json\/wp\/v2\/media?parent=14168"}],"curies":[{"name":"wp","href":"https:\/\/api.w.org\/{rel}","templated":true}]}}