{"id":14169,"date":"2015-06-24T13:48:48","date_gmt":"2015-06-24T11:48:48","guid":{"rendered":"http:\/\/pindosnationalpark.gr\/?page_id=14169"},"modified":"2016-11-18T10:52:27","modified_gmt":"2016-11-18T08:52:27","slug":"krauter-und-blumenpflucken","status":"publish","type":"page","link":"https:\/\/www.pindosnationalpark.gr\/de\/erlaubte-aktivitaten\/krauter-und-blumenpflucken\/","title":{"rendered":"Kr\u00e4uter- und Blumenpfl\u00fccken"},"content":{"rendered":"<p>In der gesamten Fl\u00e4che des Nationalparks -au\u00dfer in den Naturschutzzonen- ist das Kr\u00e4uter- und Blumenpfl\u00fccken erlaubt. Es kann vorkommen, dass f\u00fcr einige Blumenarten bestimmte zeitliche Beschr\u00e4nkungen bestehen. Bitte sorgen Sie daf\u00fcr, sich vom Verwaltungstr\u00e4ger oder von der Forstbeh\u00f6rde informieren zu lassen. Das Pfl\u00fccken von Kr\u00e4utern (Tee, Zitronenmelisse, Oregano usw.), von Lindenbl\u00fcten (Lindenbl\u00fctentee) als auch von Holunder betr\u00e4gt w\u00e4hrend der Bl\u00fctezeit-Reifung bis zu \u00bd kg f\u00fcr jede Person\/Sammler pro Tag und insgesamt bis zu 2 kg. Pfl\u00fccken Sie bitte nur den Teil der Kr\u00e4uter, der sich \u00fcber dem Boden befindet (St\u00e4ngel) und entwurzeln Sie bitte auf keinen Fall die Pflanzen. Bei Lindenbl\u00fcten und beim Holunder pfl\u00fccken Sie bitte nur die Bl\u00fcten und beschneiden Sie bitte die B\u00e4ume nicht. Pfl\u00fccken Sie bitte auf keinen Fall Orchideenarten (Salep) oder Bl\u00fcten der Lilienarten. Vergessen Sie bitte nicht, dass es im Gebiet des Nationalparks viele Heilpflanzen gibt, deren Eigenschaften die Einwohner der Umgebung und besonders die ber\u00fchmten Heilpraktiker schon immer kannten und verwendeten. Diese sogenannten \u201eViko\u00e4rzte\u201c haben die Pflanzen immer in Ma\u00dfen und mit Wissen gepfl\u00fcckt und aus diesem Grund sind sie bis heute bewahrt.<\/p>\n<p>&nbsp;<\/p>\n\n<table id=\"tablepress-8\" class=\"tablepress tablepress-id-8\">\n<thead>\n<tr class=\"row-1\">\n\t<th class=\"column-1\">ERLAUBTE AKTIVIT\u00c4TEN<\/th><td class=\"column-2\"><\/td>\n<\/tr>\n<\/thead>\n<tbody class=\"row-striping row-hover\">\n<tr class=\"row-2\">\n\t<td class=\"column-1\"><a href=\"http:\/\/pindosnationalpark.gr\/de\/erlaubte-aktivitaten\/rundreise-durch-den-park-fahren\/\">Rundreise \u2013 Durch Den Park Fahren<\/a><\/td><td class=\"column-2\"><a href=\"http:\/\/pindosnationalpark.gr\/de\/erlaubte-aktivitaten\/fischen-in-den-flussen\/\">Fischen in den Fl\u00fcssen<\/a><\/td>\n<\/tr>\n<tr class=\"row-3\">\n\t<td class=\"column-1\"><a href=\"http:\/\/pindosnationalpark.gr\/de\/erlaubte-aktivitaten\/wandern-trekking\/\">Wandern-Trekking<\/a><\/td><td class=\"column-2\"><a href=\"http:\/\/pindosnationalpark.gr\/de\/erlaubte-aktivitaten\/pilze-sammeln\/\">Pilze Sammeln<\/a><\/td>\n<\/tr>\n<tr class=\"row-4\">\n\t<td class=\"column-1\"><a href=\"http:\/\/pindosnationalpark.gr\/de\/erlaubte-aktivitaten\/wassersport-rafting-kajak\/\">Wassersport (Rafting, Kajak u.a.)<\/a><\/td><td class=\"column-2\"><a href=\"http:\/\/pindosnationalpark.gr\/de\/erlaubte-aktivitaten\/zelten-parken-von-wohnmobilen\/\">Zelten \u2013 Parken von Wohnmobilen<\/a><\/td>\n<\/tr>\n<tr class=\"row-5\">\n\t<td class=\"column-1\"><a href=\"http:\/\/pindosnationalpark.gr\/de\/erlaubte-aktivitaten\/klettern\/\">Klettern<\/a><\/td><td class=\"column-2\"><a href=\"http:\/\/pindosnationalpark.gr\/de\/erlaubte-aktivitaten\/lagerfeuer\/\">Lagerfeuer<\/a><\/td>\n<\/tr>\n<tr class=\"row-6\">\n\t<td class=\"column-1\"><a href=\"http:\/\/pindosnationalpark.gr\/de\/erlaubte-aktivitaten\/bilder-aufnehmen\/\">Bilder Aufnehmen<\/a><\/td><td class=\"column-2\"><a href=\"http:\/\/pindosnationalpark.gr\/de\/erlaubte-aktivitaten\/skifahren\/\">Skifahren<\/a><\/td>\n<\/tr>\n<tr class=\"row-7\">\n\t<td class=\"column-1\"><a href=\"http:\/\/pindosnationalpark.gr\/de\/erlaubte-aktivitaten\/schwimmen\/\">Schwimmen<\/a><\/td><td class=\"column-2\"><a href=\"http:\/\/pindosnationalpark.gr\/de\/erlaubte-aktivitaten\/krauter-und-blumenpflucken\/\">Kr\u00e4uter und Blumenpfl\u00fccken<\/a><\/td>\n<\/tr>\n<tr class=\"row-8\">\n\t<td class=\"column-1\"><a href=\"http:\/\/pindosnationalpark.gr\/de\/erlaubte-aktivitaten\/jagen\/\">Jagen<\/a><\/td><td class=\"column-2\"><\/td>\n<\/tr>\n<\/tbody>\n<\/table>\n<!-- #tablepress-8 from cache -->\n","protected":false},"excerpt":{"rendered":"<p>In der gesamten Fl\u00e4che des Nationalparks -au\u00dfer in den Naturschutzzonen- ist das Kr\u00e4uter- und Blumenpfl\u00fccken erlaubt. Es kann vorkommen, dass f\u00fcr einige Blumenarten bestimmte zeitliche Beschr\u00e4nkungen bestehen. Bitte sorgen Sie daf\u00fcr, sich vom Verwaltungstr\u00e4ger oder von der Forstbeh\u00f6rde informieren zu lassen. Das Pfl\u00fccken von Kr\u00e4utern&#8230;<\/p>\n","protected":false},"author":8014,"featured_media":0,"parent":14201,"menu_order":0,"comment_status":"open","ping_status":"open","template":"","meta":{"footnotes":""},"class_list":["post-14169","page","type-page","status-publish","hentry"],"_links":{"self":[{"href":"https:\/\/www.pindosnationalpark.gr\/de\/wp-json\/wp\/v2\/pages\/14169","targetHints":{"allow":["GET"]}}],"collection":[{"href":"https:\/\/www.pindosnationalpark.gr\/de\/wp-json\/wp\/v2\/pages"}],"about":[{"href":"https:\/\/www.pindosnationalpark.gr\/de\/wp-json\/wp\/v2\/types\/page"}],"author":[{"embeddable":true,"href":"https:\/\/www.pindosnationalpark.gr\/de\/wp-json\/wp\/v2\/users\/8014"}],"replies":[{"embeddable":true,"href":"https:\/\/www.pindosnationalpark.gr\/de\/wp-json\/wp\/v2\/comments?post=14169"}],"version-history":[{"count":0,"href":"https:\/\/www.pindosnationalpark.gr\/de\/wp-json\/wp\/v2\/pages\/14169\/revisions"}],"up":[{"embeddable":true,"href":"https:\/\/www.pindosnationalpark.gr\/de\/wp-json\/wp\/v2\/pages\/14201"}],"wp:attachment":[{"href":"https:\/\/www.pindosnationalpark.gr\/de\/wp-json\/wp\/v2\/media?parent=14169"}],"curies":[{"name":"wp","href":"https:\/\/api.w.org\/{rel}","templated":true}]}}