{"id":14170,"date":"2015-06-24T13:49:02","date_gmt":"2015-06-24T11:49:02","guid":{"rendered":"http:\/\/pindosnationalpark.gr\/?page_id=14170"},"modified":"2016-11-18T10:34:20","modified_gmt":"2016-11-18T08:34:20","slug":"pilze-sammeln","status":"publish","type":"page","link":"https:\/\/www.pindosnationalpark.gr\/de\/erlaubte-aktivitaten\/pilze-sammeln\/","title":{"rendered":"Pilze sammeln"},"content":{"rendered":"<p>Pilze zu sammeln ist in der gesamten Fl\u00e4che des Parks erlaubt, au\u00dfer innerhalb der Naturschutzzonen. Es bestehen keine bestimmten zeitlichen Beschr\u00e4nkungen. Erlaubt ist das Sammeln von Pilzen bis zu 2kg pro Person\/Sammler pro Tag und nur das Pfl\u00fccken desjenigen Teils der Pilze, der sich \u00fcber dem Boden befindet. Empfohlen wird, die Pilze in einem Netz an der Au\u00dfenseite des Rucksacks zu h\u00e4ngen und diese so zu tragen. Sorgen Sie bitte daf\u00fcr, die essbaren Pilzarten mit Sicherheit zu erkennen und diese von den giftigen zu unterscheiden.<\/p>\n<p>&nbsp;<\/p>\n\n<table id=\"tablepress-8\" class=\"tablepress tablepress-id-8\">\n<thead>\n<tr class=\"row-1\">\n\t<th class=\"column-1\">ERLAUBTE AKTIVIT\u00c4TEN<\/th><td class=\"column-2\"><\/td>\n<\/tr>\n<\/thead>\n<tbody class=\"row-striping row-hover\">\n<tr class=\"row-2\">\n\t<td class=\"column-1\"><a href=\"http:\/\/pindosnationalpark.gr\/de\/erlaubte-aktivitaten\/rundreise-durch-den-park-fahren\/\">Rundreise \u2013 Durch Den Park Fahren<\/a><\/td><td class=\"column-2\"><a href=\"http:\/\/pindosnationalpark.gr\/de\/erlaubte-aktivitaten\/fischen-in-den-flussen\/\">Fischen in den Fl\u00fcssen<\/a><\/td>\n<\/tr>\n<tr class=\"row-3\">\n\t<td class=\"column-1\"><a href=\"http:\/\/pindosnationalpark.gr\/de\/erlaubte-aktivitaten\/wandern-trekking\/\">Wandern-Trekking<\/a><\/td><td class=\"column-2\"><a href=\"http:\/\/pindosnationalpark.gr\/de\/erlaubte-aktivitaten\/pilze-sammeln\/\">Pilze Sammeln<\/a><\/td>\n<\/tr>\n<tr class=\"row-4\">\n\t<td class=\"column-1\"><a href=\"http:\/\/pindosnationalpark.gr\/de\/erlaubte-aktivitaten\/wassersport-rafting-kajak\/\">Wassersport (Rafting, Kajak u.a.)<\/a><\/td><td class=\"column-2\"><a href=\"http:\/\/pindosnationalpark.gr\/de\/erlaubte-aktivitaten\/zelten-parken-von-wohnmobilen\/\">Zelten \u2013 Parken von Wohnmobilen<\/a><\/td>\n<\/tr>\n<tr class=\"row-5\">\n\t<td class=\"column-1\"><a href=\"http:\/\/pindosnationalpark.gr\/de\/erlaubte-aktivitaten\/klettern\/\">Klettern<\/a><\/td><td class=\"column-2\"><a href=\"http:\/\/pindosnationalpark.gr\/de\/erlaubte-aktivitaten\/lagerfeuer\/\">Lagerfeuer<\/a><\/td>\n<\/tr>\n<tr class=\"row-6\">\n\t<td class=\"column-1\"><a href=\"http:\/\/pindosnationalpark.gr\/de\/erlaubte-aktivitaten\/bilder-aufnehmen\/\">Bilder Aufnehmen<\/a><\/td><td class=\"column-2\"><a href=\"http:\/\/pindosnationalpark.gr\/de\/erlaubte-aktivitaten\/skifahren\/\">Skifahren<\/a><\/td>\n<\/tr>\n<tr class=\"row-7\">\n\t<td class=\"column-1\"><a href=\"http:\/\/pindosnationalpark.gr\/de\/erlaubte-aktivitaten\/schwimmen\/\">Schwimmen<\/a><\/td><td class=\"column-2\"><a href=\"http:\/\/pindosnationalpark.gr\/de\/erlaubte-aktivitaten\/krauter-und-blumenpflucken\/\">Kr\u00e4uter und Blumenpfl\u00fccken<\/a><\/td>\n<\/tr>\n<tr class=\"row-8\">\n\t<td class=\"column-1\"><a href=\"http:\/\/pindosnationalpark.gr\/de\/erlaubte-aktivitaten\/jagen\/\">Jagen<\/a><\/td><td class=\"column-2\"><\/td>\n<\/tr>\n<\/tbody>\n<\/table>\n<!-- #tablepress-8 from cache -->\n","protected":false},"excerpt":{"rendered":"<p>Pilze zu sammeln ist in der gesamten Fl\u00e4che des Parks erlaubt, au\u00dfer innerhalb der Naturschutzzonen. Es bestehen keine bestimmten zeitlichen Beschr\u00e4nkungen. Erlaubt ist das Sammeln von Pilzen bis zu 2kg pro Person\/Sammler pro Tag und nur das Pfl\u00fccken desjenigen Teils der Pilze, der sich \u00fcber&#8230;<\/p>\n","protected":false},"author":8014,"featured_media":0,"parent":14201,"menu_order":0,"comment_status":"open","ping_status":"closed","template":"","meta":{"footnotes":""},"class_list":["post-14170","page","type-page","status-publish","hentry"],"_links":{"self":[{"href":"https:\/\/www.pindosnationalpark.gr\/de\/wp-json\/wp\/v2\/pages\/14170","targetHints":{"allow":["GET"]}}],"collection":[{"href":"https:\/\/www.pindosnationalpark.gr\/de\/wp-json\/wp\/v2\/pages"}],"about":[{"href":"https:\/\/www.pindosnationalpark.gr\/de\/wp-json\/wp\/v2\/types\/page"}],"author":[{"embeddable":true,"href":"https:\/\/www.pindosnationalpark.gr\/de\/wp-json\/wp\/v2\/users\/8014"}],"replies":[{"embeddable":true,"href":"https:\/\/www.pindosnationalpark.gr\/de\/wp-json\/wp\/v2\/comments?post=14170"}],"version-history":[{"count":0,"href":"https:\/\/www.pindosnationalpark.gr\/de\/wp-json\/wp\/v2\/pages\/14170\/revisions"}],"up":[{"embeddable":true,"href":"https:\/\/www.pindosnationalpark.gr\/de\/wp-json\/wp\/v2\/pages\/14201"}],"wp:attachment":[{"href":"https:\/\/www.pindosnationalpark.gr\/de\/wp-json\/wp\/v2\/media?parent=14170"}],"curies":[{"name":"wp","href":"https:\/\/api.w.org\/{rel}","templated":true}]}}