{"id":14173,"date":"2015-06-24T13:49:15","date_gmt":"2015-06-24T11:49:15","guid":{"rendered":"http:\/\/pindosnationalpark.gr\/?page_id=14173"},"modified":"2016-11-18T10:34:57","modified_gmt":"2016-11-18T08:34:57","slug":"lagerfeuer","status":"publish","type":"page","link":"https:\/\/www.pindosnationalpark.gr\/de\/erlaubte-aktivitaten\/lagerfeuer\/","title":{"rendered":"Lagerfeuer"},"content":{"rendered":"<p>In den Naturschutzzonen ist das Lagerfeuer verboten. Was die \u00fcbrigen Gebiete betrifft, ber\u00fccksichtigen Sie bitte, dass das Lagerfeuer und die Feuererhaltung aus Ess- oder Zeltgr\u00fcnden im Freien innerhalb von W\u00e4ldern und Waldgebieten ausschlie\u00dflich vom 1. November bis zum 30. April erlaubt ist und unter der Voraussetzung, dass<br \/>\n\u2022 die Vegetation, die sich in einem Radius von mindestens 2 Meter um das Feuer befindet, v\u00f6llig entfernt wird.<br \/>\n\u2022 der Mindestabstand des Feuers von nebenliegender Baum- oder Strauchvegetation, der mindestens 10 Meter entspricht, eingehalten wird und dass dieser Abstand durch daf\u00fcr geeignete Steine um die Feuerstelle gew\u00e4hrleistet wird.<br \/>\n\u2022 genug Wasser zur Verf\u00fcgung steht, um das Feuer l\u00f6schen zu k\u00f6nnen, falls es au\u00dfer Kontrolle ger\u00e4t.<br \/>\n\u2022 das Feuer gel\u00f6scht oder mit Erde bedeckt werden muss, wenn man den Ort verlassen m\u00f6chte.<br \/>\nErlaubt ist das Feuerlager auch im Zeitraum zwischen dem 1. Mai und dem 31. Oktober jedes Jahres aus Essgr\u00fcnden und nur in zu diesem Zweck vorgesehenen Orten, wie z.B. in Campingpl\u00e4tzen und nur unter der Voraussetzung, dass die oben beschriebenen Ma\u00dfnahmen erf\u00fcllt werden.<br \/>\nVermeiden Sie bitte in der Regel ein Feuer anzuz\u00fcnden, sofern dies aber erforderlich ist, achten Sie bitte auf das Feuer und l\u00f6schen Sie es sehr gut, bevor Sie den Ort verlassen. R\u00e4umen Sie bitte alles weg und entsorgen Sie Ihren M\u00fcll in die erste M\u00fclltonne, die Sie finden und die sich normalerweise innerhalb oder am Rand einer Siedlung befindet.<\/p>\n<p>&nbsp;<\/p>\n\n<table id=\"tablepress-8\" class=\"tablepress tablepress-id-8\">\n<thead>\n<tr class=\"row-1\">\n\t<th class=\"column-1\">ERLAUBTE AKTIVIT\u00c4TEN<\/th><td class=\"column-2\"><\/td>\n<\/tr>\n<\/thead>\n<tbody class=\"row-striping row-hover\">\n<tr class=\"row-2\">\n\t<td class=\"column-1\"><a href=\"http:\/\/pindosnationalpark.gr\/de\/erlaubte-aktivitaten\/rundreise-durch-den-park-fahren\/\">Rundreise \u2013 Durch Den Park Fahren<\/a><\/td><td class=\"column-2\"><a href=\"http:\/\/pindosnationalpark.gr\/de\/erlaubte-aktivitaten\/fischen-in-den-flussen\/\">Fischen in den Fl\u00fcssen<\/a><\/td>\n<\/tr>\n<tr class=\"row-3\">\n\t<td class=\"column-1\"><a href=\"http:\/\/pindosnationalpark.gr\/de\/erlaubte-aktivitaten\/wandern-trekking\/\">Wandern-Trekking<\/a><\/td><td class=\"column-2\"><a href=\"http:\/\/pindosnationalpark.gr\/de\/erlaubte-aktivitaten\/pilze-sammeln\/\">Pilze Sammeln<\/a><\/td>\n<\/tr>\n<tr class=\"row-4\">\n\t<td class=\"column-1\"><a href=\"http:\/\/pindosnationalpark.gr\/de\/erlaubte-aktivitaten\/wassersport-rafting-kajak\/\">Wassersport (Rafting, Kajak u.a.)<\/a><\/td><td class=\"column-2\"><a href=\"http:\/\/pindosnationalpark.gr\/de\/erlaubte-aktivitaten\/zelten-parken-von-wohnmobilen\/\">Zelten \u2013 Parken von Wohnmobilen<\/a><\/td>\n<\/tr>\n<tr class=\"row-5\">\n\t<td class=\"column-1\"><a href=\"http:\/\/pindosnationalpark.gr\/de\/erlaubte-aktivitaten\/klettern\/\">Klettern<\/a><\/td><td class=\"column-2\"><a href=\"http:\/\/pindosnationalpark.gr\/de\/erlaubte-aktivitaten\/lagerfeuer\/\">Lagerfeuer<\/a><\/td>\n<\/tr>\n<tr class=\"row-6\">\n\t<td class=\"column-1\"><a href=\"http:\/\/pindosnationalpark.gr\/de\/erlaubte-aktivitaten\/bilder-aufnehmen\/\">Bilder Aufnehmen<\/a><\/td><td class=\"column-2\"><a href=\"http:\/\/pindosnationalpark.gr\/de\/erlaubte-aktivitaten\/skifahren\/\">Skifahren<\/a><\/td>\n<\/tr>\n<tr class=\"row-7\">\n\t<td class=\"column-1\"><a href=\"http:\/\/pindosnationalpark.gr\/de\/erlaubte-aktivitaten\/schwimmen\/\">Schwimmen<\/a><\/td><td class=\"column-2\"><a href=\"http:\/\/pindosnationalpark.gr\/de\/erlaubte-aktivitaten\/krauter-und-blumenpflucken\/\">Kr\u00e4uter und Blumenpfl\u00fccken<\/a><\/td>\n<\/tr>\n<tr class=\"row-8\">\n\t<td class=\"column-1\"><a href=\"http:\/\/pindosnationalpark.gr\/de\/erlaubte-aktivitaten\/jagen\/\">Jagen<\/a><\/td><td class=\"column-2\"><\/td>\n<\/tr>\n<\/tbody>\n<\/table>\n<!-- #tablepress-8 from cache -->\n","protected":false},"excerpt":{"rendered":"<p>In den Naturschutzzonen ist das Lagerfeuer verboten. Was die \u00fcbrigen Gebiete betrifft, ber\u00fccksichtigen Sie bitte, dass das Lagerfeuer und die Feuererhaltung aus Ess- oder Zeltgr\u00fcnden im Freien innerhalb von W\u00e4ldern und Waldgebieten ausschlie\u00dflich vom 1. November bis zum 30. April erlaubt ist und unter der&#8230;<\/p>\n","protected":false},"author":8014,"featured_media":0,"parent":14201,"menu_order":0,"comment_status":"open","ping_status":"open","template":"","meta":{"footnotes":""},"class_list":["post-14173","page","type-page","status-publish","hentry"],"_links":{"self":[{"href":"https:\/\/www.pindosnationalpark.gr\/de\/wp-json\/wp\/v2\/pages\/14173","targetHints":{"allow":["GET"]}}],"collection":[{"href":"https:\/\/www.pindosnationalpark.gr\/de\/wp-json\/wp\/v2\/pages"}],"about":[{"href":"https:\/\/www.pindosnationalpark.gr\/de\/wp-json\/wp\/v2\/types\/page"}],"author":[{"embeddable":true,"href":"https:\/\/www.pindosnationalpark.gr\/de\/wp-json\/wp\/v2\/users\/8014"}],"replies":[{"embeddable":true,"href":"https:\/\/www.pindosnationalpark.gr\/de\/wp-json\/wp\/v2\/comments?post=14173"}],"version-history":[{"count":0,"href":"https:\/\/www.pindosnationalpark.gr\/de\/wp-json\/wp\/v2\/pages\/14173\/revisions"}],"up":[{"embeddable":true,"href":"https:\/\/www.pindosnationalpark.gr\/de\/wp-json\/wp\/v2\/pages\/14201"}],"wp:attachment":[{"href":"https:\/\/www.pindosnationalpark.gr\/de\/wp-json\/wp\/v2\/media?parent=14173"}],"curies":[{"name":"wp","href":"https:\/\/api.w.org\/{rel}","templated":true}]}}